{"id":8352,"date":"2024-08-21T18:24:11","date_gmt":"2024-08-21T16:24:11","guid":{"rendered":"https:\/\/preshape.fr\/?post_type=product&#038;p=8352"},"modified":"2024-08-21T18:26:45","modified_gmt":"2024-08-21T16:26:45","slug":"vanne","status":"publish","type":"product","link":"https:\/\/preshape.fr\/index.php\/product\/vanne\/","title":{"rendered":"Vanne"},"content":{"rendered":"<p>Robinet PE pour la r\u00e9alisation de stratifi\u00e9s sous vide et en infusion.<\/p>\n<p>Permet l&rsquo;ouverture, la fermeture et le contr\u00f4le du d\u00e9bit de r\u00e9sine dans le r\u00e9seau.<\/p>\n<p>Mat\u00e9riaux : poly\u00e9thyl\u00e8ne<br \/>\nR\u00e9sistance max. \u00e0 la temp\u00e9rature : 80\u00b0<br \/>\nNettoyage : ac\u00e9tone ou resin cleaner<\/p>\n<p>Pour tubes de diam\u00e8tre int\u00e9rieur\/ext\u00e9rieur :\u00a010\/12mm &#8211; 12\/15mm<br \/>\nPrix \u00e0 l&rsquo;unit\u00e9<\/p>\n","protected":false},"excerpt":{"rendered":"<p>Robinet PE pour la r\u00e9alisation de stratifi\u00e9s sous vide et en infusion. Prix \u00e0 l&rsquo;unit\u00e9<\/p>\n","protected":false},"featured_media":8353,"template":"","meta":[],"product_brand":[],"product_cat":[297,335],"product_tag":[300,116,302,276,117,126,119,301,277,127,149],"class_list":{"0":"post-8352","1":"product","2":"type-product","3":"status-publish","4":"has-post-thumbnail","6":"product_cat-boutique-du-composite","7":"product_cat-peripherique-vide","8":"product_tag-composite","9":"product_tag-decoupe-2d","10":"product_tag-mise-sous-vide","11":"product_tag-polystyrene","12":"product_tag-preshape","13":"product_tag-sur-mesure","14":"product_tag-surf","15":"product_tag-technique-sandwich","16":"product_tag-usinage-polystyrene","17":"product_tag-windfoil","18":"product_tag-wingfoil","20":"first","21":"instock","22":"taxable","23":"shipping-taxable","24":"purchasable","25":"product-type-simple"},"jetpack_sharing_enabled":true,"_links":{"self":[{"href":"https:\/\/preshape.fr\/index.php\/wp-json\/wp\/v2\/product\/8352","targetHints":{"allow":["GET"]}}],"collection":[{"href":"https:\/\/preshape.fr\/index.php\/wp-json\/wp\/v2\/product"}],"about":[{"href":"https:\/\/preshape.fr\/index.php\/wp-json\/wp\/v2\/types\/product"}],"wp:featuredmedia":[{"embeddable":true,"href":"https:\/\/preshape.fr\/index.php\/wp-json\/wp\/v2\/media\/8353"}],"wp:attachment":[{"href":"https:\/\/preshape.fr\/index.php\/wp-json\/wp\/v2\/media?parent=8352"}],"wp:term":[{"taxonomy":"product_brand","embeddable":true,"href":"https:\/\/preshape.fr\/index.php\/wp-json\/wp\/v2\/product_brand?post=8352"},{"taxonomy":"product_cat","embeddable":true,"href":"https:\/\/preshape.fr\/index.php\/wp-json\/wp\/v2\/product_cat?post=8352"},{"taxonomy":"product_tag","embeddable":true,"href":"https:\/\/preshape.fr\/index.php\/wp-json\/wp\/v2\/product_tag?post=8352"}],"curies":[{"name":"wp","href":"https:\/\/api.w.org\/{rel}","templated":true}]}}