{"id":8345,"date":"2024-08-21T18:07:47","date_gmt":"2024-08-21T16:07:47","guid":{"rendered":"https:\/\/preshape.fr\/?post_type=product&#038;p=8345"},"modified":"2024-08-21T18:21:58","modified_gmt":"2024-08-21T16:21:58","slug":"plot10-12","status":"publish","type":"product","link":"https:\/\/preshape.fr\/index.php\/product\/plot10-12\/","title":{"rendered":"Plot d&rsquo;infusion 10\/12 mm"},"content":{"rendered":"<p>Plot d&rsquo;infusion pour tubes de diam\u00e8tre int\u00e9rieur 10 mm et ext\u00e9rieur 12 mm.<\/p>\n<p>Permet le raccordement du tube d&rsquo;aspiration r\u00e9sine sur la gaine spiral\u00e9e. Prot\u00e8ge les poches \u00e0 vide contre les d\u00e9chirures.<\/p>\n<p>Mat\u00e9riaux : polypropyl\u00e8ne<br \/>\nTemp\u00e9rature max. d&rsquo;utilisation : 120\u00b0<\/p>\n","protected":false},"excerpt":{"rendered":"<p>Plot d&rsquo;infusion pour tubes de diam\u00e8tre int\u00e9rieur 10 mm et ext\u00e9rieur 12 mm. Prix \u00e0 l&rsquo;unit\u00e9.<\/p>\n","protected":false},"featured_media":8350,"template":"","meta":[],"product_brand":[],"product_cat":[297,335],"product_tag":[300,116,302,276,117,126,119,301,277,127,149],"class_list":{"0":"post-8345","1":"product","2":"type-product","3":"status-publish","4":"has-post-thumbnail","6":"product_cat-boutique-du-composite","7":"product_cat-peripherique-vide","8":"product_tag-composite","9":"product_tag-decoupe-2d","10":"product_tag-mise-sous-vide","11":"product_tag-polystyrene","12":"product_tag-preshape","13":"product_tag-sur-mesure","14":"product_tag-surf","15":"product_tag-technique-sandwich","16":"product_tag-usinage-polystyrene","17":"product_tag-windfoil","18":"product_tag-wingfoil","20":"first","21":"instock","22":"taxable","23":"shipping-taxable","24":"purchasable","25":"product-type-simple"},"jetpack_sharing_enabled":true,"_links":{"self":[{"href":"https:\/\/preshape.fr\/index.php\/wp-json\/wp\/v2\/product\/8345","targetHints":{"allow":["GET"]}}],"collection":[{"href":"https:\/\/preshape.fr\/index.php\/wp-json\/wp\/v2\/product"}],"about":[{"href":"https:\/\/preshape.fr\/index.php\/wp-json\/wp\/v2\/types\/product"}],"wp:featuredmedia":[{"embeddable":true,"href":"https:\/\/preshape.fr\/index.php\/wp-json\/wp\/v2\/media\/8350"}],"wp:attachment":[{"href":"https:\/\/preshape.fr\/index.php\/wp-json\/wp\/v2\/media?parent=8345"}],"wp:term":[{"taxonomy":"product_brand","embeddable":true,"href":"https:\/\/preshape.fr\/index.php\/wp-json\/wp\/v2\/product_brand?post=8345"},{"taxonomy":"product_cat","embeddable":true,"href":"https:\/\/preshape.fr\/index.php\/wp-json\/wp\/v2\/product_cat?post=8345"},{"taxonomy":"product_tag","embeddable":true,"href":"https:\/\/preshape.fr\/index.php\/wp-json\/wp\/v2\/product_tag?post=8345"}],"curies":[{"name":"wp","href":"https:\/\/api.w.org\/{rel}","templated":true}]}}