{"id":8326,"date":"2024-08-21T17:51:27","date_gmt":"2024-08-21T15:51:27","guid":{"rendered":"https:\/\/preshape.fr\/?post_type=product&#038;p=8326"},"modified":"2024-08-21T17:57:54","modified_gmt":"2024-08-21T15:57:54","slug":"rouleau-acetal-plat","status":"publish","type":"product","link":"https:\/\/preshape.fr\/index.php\/product\/rouleau-acetal-plat\/","title":{"rendered":"Rouleau ac\u00e9tal plat"},"content":{"rendered":"<p>Rouleau ac\u00e9tal plat pour la fermeture des b\u00e2ches \u00e0 vide.<\/p>\n<p>Sp\u00e9cialement d\u00e9velopp\u00e9 pour la mise sous vide des composites (infusion, RTM\u2026).<br \/>\nLa surface lisse du rouleau permet une utilisation efficace sur la b\u00e2che \u00e0 vide sans l&rsquo;endommager.<br \/>\nId\u00e9al pour assurer une bonne liaison entre le mastic d\u2019\u00e9tanch\u00e9it\u00e9, le moule et la b\u00e2che \u00e0 vide, afin de cr\u00e9er un joint parfaitement \u00e9tanche.<\/p>\n<p>Dimension du rouleau : 35 x 40 mm<br \/>\nLongueur totale : 295 mm<\/p>\n<p>Les utilisateurs r\u00e9guliers appr\u00e9cieront la consid\u00e9rable r\u00e9duction du stress sur les doigts et les pouces\u2026<\/p>\n","protected":false},"excerpt":{"rendered":"<p>Rouleau ac\u00e9tal plat pour la fermeture des b\u00e2ches \u00e0 vide.<\/p>\n","protected":false},"featured_media":8339,"template":"","meta":[],"product_brand":[],"product_cat":[297,335],"product_tag":[300,116,302,276,117,126,119,301,277,127,149],"class_list":{"0":"post-8326","1":"product","2":"type-product","3":"status-publish","4":"has-post-thumbnail","6":"product_cat-boutique-du-composite","7":"product_cat-peripherique-vide","8":"product_tag-composite","9":"product_tag-decoupe-2d","10":"product_tag-mise-sous-vide","11":"product_tag-polystyrene","12":"product_tag-preshape","13":"product_tag-sur-mesure","14":"product_tag-surf","15":"product_tag-technique-sandwich","16":"product_tag-usinage-polystyrene","17":"product_tag-windfoil","18":"product_tag-wingfoil","20":"first","21":"instock","22":"taxable","23":"shipping-taxable","24":"purchasable","25":"product-type-simple"},"jetpack_sharing_enabled":true,"_links":{"self":[{"href":"https:\/\/preshape.fr\/index.php\/wp-json\/wp\/v2\/product\/8326","targetHints":{"allow":["GET"]}}],"collection":[{"href":"https:\/\/preshape.fr\/index.php\/wp-json\/wp\/v2\/product"}],"about":[{"href":"https:\/\/preshape.fr\/index.php\/wp-json\/wp\/v2\/types\/product"}],"wp:featuredmedia":[{"embeddable":true,"href":"https:\/\/preshape.fr\/index.php\/wp-json\/wp\/v2\/media\/8339"}],"wp:attachment":[{"href":"https:\/\/preshape.fr\/index.php\/wp-json\/wp\/v2\/media?parent=8326"}],"wp:term":[{"taxonomy":"product_brand","embeddable":true,"href":"https:\/\/preshape.fr\/index.php\/wp-json\/wp\/v2\/product_brand?post=8326"},{"taxonomy":"product_cat","embeddable":true,"href":"https:\/\/preshape.fr\/index.php\/wp-json\/wp\/v2\/product_cat?post=8326"},{"taxonomy":"product_tag","embeddable":true,"href":"https:\/\/preshape.fr\/index.php\/wp-json\/wp\/v2\/product_tag?post=8326"}],"curies":[{"name":"wp","href":"https:\/\/api.w.org\/{rel}","templated":true}]}}