{"id":8322,"date":"2024-08-21T17:47:45","date_gmt":"2024-08-21T15:47:45","guid":{"rendered":"https:\/\/preshape.fr\/?post_type=product&#038;p=8322"},"modified":"2026-02-19T21:30:15","modified_gmt":"2026-02-19T20:30:15","slug":"flashtape","status":"publish","type":"product","link":"https:\/\/preshape.fr\/index.php\/product\/flashtape\/","title":{"rendered":"Flashtape"},"content":{"rendered":"<p style=\"font-weight: 400;\"><b><strong>Flash Tape. Ruban adh\u00e9sif polyester\/silicone Haute Temp\u00e9rature.<\/strong><\/b><\/p>\n<p style=\"font-weight: 400;\">Ruban adh\u00e9sif Haute Temp\u00e9rature compos\u00e9 d\u2019un ruban en polyester doubl\u00e9 d\u2019un adh\u00e9sif en silicone.<br \/>\nIl est couramment utilis\u00e9 pour maintenir en place tous les mat\u00e9riaux de mise sous vide tels que les tissus d\u2019arrachage, les films s\u00e9parateurs ainsi que les feutres de drainage dans les applications de vide ou d\u2019infusion.<br \/>\nIl est \u00e9galement utilis\u00e9 pour prot\u00e9ger les outillages, les pi\u00e8ces et certaines zones sensibles des pi\u00e8ces contre les bavures de r\u00e9sines.<\/p>\n<p style=\"font-weight: 400;\">L\u2019adh\u00e9sif silicone permet un collage tr\u00e8s performant sur une grande vari\u00e9t\u00e9 de surface et le retrait s\u2019effectue facilement, sans laisser de trace.<\/p>\n<ul style=\"font-weight: 400;\">\n<li>Couleur : Bleu<\/li>\n<li>Largeur : 25 mm<\/li>\n<li>Longueur : 66 m<\/li>\n<li>\u00c9paisseur : 65 \u03bc<\/li>\n<li>Adh\u00e9sif : Silicone<\/li>\n<li>Temp\u00e9rature max. d\u2019utilisation\u00a0: 205\u00b0<\/li>\n<\/ul>\n","protected":false},"excerpt":{"rendered":"<p>Flash Tape. Ruban adh\u00e9sif polyester\/silicone haute temp\u00e9rature. Rouleau\u00a0 25 mm x 66 m\u00e8tres.<\/p>\n","protected":false},"featured_media":8529,"template":"","meta":[],"product_brand":[],"product_cat":[297,335],"product_tag":[300,116,302,276,117,126,119,301,277,127,149],"class_list":{"0":"post-8322","1":"product","2":"type-product","3":"status-publish","4":"has-post-thumbnail","6":"product_cat-boutique-du-composite","7":"product_cat-peripherique-vide","8":"product_tag-composite","9":"product_tag-decoupe-2d","10":"product_tag-mise-sous-vide","11":"product_tag-polystyrene","12":"product_tag-preshape","13":"product_tag-sur-mesure","14":"product_tag-surf","15":"product_tag-technique-sandwich","16":"product_tag-usinage-polystyrene","17":"product_tag-windfoil","18":"product_tag-wingfoil","20":"first","21":"instock","22":"taxable","23":"shipping-taxable","24":"purchasable","25":"product-type-variable"},"jetpack_sharing_enabled":true,"_links":{"self":[{"href":"https:\/\/preshape.fr\/index.php\/wp-json\/wp\/v2\/product\/8322","targetHints":{"allow":["GET"]}}],"collection":[{"href":"https:\/\/preshape.fr\/index.php\/wp-json\/wp\/v2\/product"}],"about":[{"href":"https:\/\/preshape.fr\/index.php\/wp-json\/wp\/v2\/types\/product"}],"wp:featuredmedia":[{"embeddable":true,"href":"https:\/\/preshape.fr\/index.php\/wp-json\/wp\/v2\/media\/8529"}],"wp:attachment":[{"href":"https:\/\/preshape.fr\/index.php\/wp-json\/wp\/v2\/media?parent=8322"}],"wp:term":[{"taxonomy":"product_brand","embeddable":true,"href":"https:\/\/preshape.fr\/index.php\/wp-json\/wp\/v2\/product_brand?post=8322"},{"taxonomy":"product_cat","embeddable":true,"href":"https:\/\/preshape.fr\/index.php\/wp-json\/wp\/v2\/product_cat?post=8322"},{"taxonomy":"product_tag","embeddable":true,"href":"https:\/\/preshape.fr\/index.php\/wp-json\/wp\/v2\/product_tag?post=8322"}],"curies":[{"name":"wp","href":"https:\/\/api.w.org\/{rel}","templated":true}]}}