{"id":8317,"date":"2024-08-21T17:40:39","date_gmt":"2024-08-21T15:40:39","guid":{"rendered":"https:\/\/preshape.fr\/?post_type=product&#038;p=8317"},"modified":"2024-08-21T17:48:38","modified_gmt":"2024-08-21T15:48:38","slug":"vacutex","status":"publish","type":"product","link":"https:\/\/preshape.fr\/index.php\/product\/vacutex\/","title":{"rendered":"Vacutex 150"},"content":{"rendered":"<p>Le VACUTEX 150 est un feutre polyester haute drapabilit\u00e9, il est utilis\u00e9 lors de mise en \u0153uvre sous vide (stratification sous vide, infusion, collage d\u2019\u00e2mes, compactage de pr\u00e9pregs).<br \/>\nIl est foisonnant et difficilement compressible.<\/p>\n<p>Ces caract\u00e9ristiques assurent, lors de la mise sous vide, un excellent drainage uniforme sur toute la surface de la pi\u00e8ce.<\/p>\n<ul>\n<li>Poids : 150g\/m\u00b2<\/li>\n<li>Largeur 152cm<\/li>\n<\/ul>\n<p><strong>Le prix s&rsquo;entend au m\u00b2.<\/strong><\/p>\n<p>Mise en \u0153uvre :<\/p>\n<p>Gr\u00e2ce \u00e0 sa d\u00e9formabilit\u00e9 le VACUTEX permet d\u2019\u00e9pouser des formes complexes.<\/p>\n<p>Ce voile de drainage se place entre le PERFOREX et la b\u00e2che.<\/p>\n<p>Comme le PEELTEX et le PERFOREX, le VACUTEX doit d\u00e9passer tout autour de la zone stratifi\u00e9e, coll\u00e9e ou compact\u00e9e. Il est aussi utilis\u00e9 \u00e0 l\u2019extr\u00e9mit\u00e9 du tuyau se trouvant dans le moule, pour ainsi \u00e9viter que la b\u00e2che plastique n\u2019obture le tirage de vide.<\/p>\n<p>Quand la pi\u00e8ce est termin\u00e9e, d\u00e9mouler le VACUTEX et le PERFOREX.<\/p>\n<p>Le PEELTEX ne sera enlev\u00e9 qu\u2019au moment de la finition, ou du collage.<\/p>\n","protected":false},"excerpt":{"rendered":"<p>Feutre polyester haute drapabilit\u00e9 pour mise sous vide &#8211; Prix au m\u00b2<\/p>\n","protected":false},"featured_media":8318,"template":"","meta":[],"product_brand":[],"product_cat":[297,335],"product_tag":[300,116,302,276,117,126,119,301,277,127,149],"class_list":{"0":"post-8317","1":"product","2":"type-product","3":"status-publish","4":"has-post-thumbnail","6":"product_cat-boutique-du-composite","7":"product_cat-peripherique-vide","8":"product_tag-composite","9":"product_tag-decoupe-2d","10":"product_tag-mise-sous-vide","11":"product_tag-polystyrene","12":"product_tag-preshape","13":"product_tag-sur-mesure","14":"product_tag-surf","15":"product_tag-technique-sandwich","16":"product_tag-usinage-polystyrene","17":"product_tag-windfoil","18":"product_tag-wingfoil","20":"first","21":"instock","22":"taxable","23":"shipping-taxable","24":"purchasable","25":"product-type-variable"},"jetpack_sharing_enabled":true,"_links":{"self":[{"href":"https:\/\/preshape.fr\/index.php\/wp-json\/wp\/v2\/product\/8317","targetHints":{"allow":["GET"]}}],"collection":[{"href":"https:\/\/preshape.fr\/index.php\/wp-json\/wp\/v2\/product"}],"about":[{"href":"https:\/\/preshape.fr\/index.php\/wp-json\/wp\/v2\/types\/product"}],"wp:featuredmedia":[{"embeddable":true,"href":"https:\/\/preshape.fr\/index.php\/wp-json\/wp\/v2\/media\/8318"}],"wp:attachment":[{"href":"https:\/\/preshape.fr\/index.php\/wp-json\/wp\/v2\/media?parent=8317"}],"wp:term":[{"taxonomy":"product_brand","embeddable":true,"href":"https:\/\/preshape.fr\/index.php\/wp-json\/wp\/v2\/product_brand?post=8317"},{"taxonomy":"product_cat","embeddable":true,"href":"https:\/\/preshape.fr\/index.php\/wp-json\/wp\/v2\/product_cat?post=8317"},{"taxonomy":"product_tag","embeddable":true,"href":"https:\/\/preshape.fr\/index.php\/wp-json\/wp\/v2\/product_tag?post=8317"}],"curies":[{"name":"wp","href":"https:\/\/api.w.org\/{rel}","templated":true}]}}