{"id":8280,"date":"2024-08-20T16:56:15","date_gmt":"2024-08-20T14:56:15","guid":{"rendered":"https:\/\/preshape.fr\/?post_type=product&#038;p=8280"},"modified":"2024-08-20T16:56:16","modified_gmt":"2024-08-20T14:56:16","slug":"jonction-droite","status":"publish","type":"product","link":"https:\/\/preshape.fr\/index.php\/product\/jonction-droite\/","title":{"rendered":"Jonction droite"},"content":{"rendered":"<p>Raccord de tubes 2 parties.<br \/>\nExiste pour des tubes de diam\u00e8tre int\u00e9rieur de 10 \u00e0 12mm et de 14 \u00e0 16mm.<br \/>\nL&rsquo;achat de jonctions de diam\u00e8tres diff\u00e9rents permet de les coupler deux \u00e0 deux pour raccorder des tubes de diff\u00e9rents diam\u00e8tres.<br \/>\nInsensible aux solvants.<\/p>\n<p>Prix unitaire\u00a0 et d\u00e9gressif selon quantit\u00e9.<br \/>\nProduit de qualit\u00e9 fabriqu\u00e9 en Europe. Normalis\u00e9 CE.<\/p>\n","protected":false},"excerpt":{"rendered":"<p>Jonction droite en poly\u00e9thyl\u00e8ne. Prix unitaire\u00a0 et d\u00e9gressif selon quantit\u00e9.<\/p>\n","protected":false},"featured_media":8282,"template":"","meta":[],"product_brand":[],"product_cat":[297,335],"product_tag":[300,116,302,276,117,126,119,301,277,127,149],"class_list":{"0":"post-8280","1":"product","2":"type-product","3":"status-publish","4":"has-post-thumbnail","6":"product_cat-boutique-du-composite","7":"product_cat-peripherique-vide","8":"product_tag-composite","9":"product_tag-decoupe-2d","10":"product_tag-mise-sous-vide","11":"product_tag-polystyrene","12":"product_tag-preshape","13":"product_tag-sur-mesure","14":"product_tag-surf","15":"product_tag-technique-sandwich","16":"product_tag-usinage-polystyrene","17":"product_tag-windfoil","18":"product_tag-wingfoil","20":"first","21":"instock","22":"taxable","23":"shipping-taxable","24":"purchasable","25":"product-type-variable"},"jetpack_sharing_enabled":true,"_links":{"self":[{"href":"https:\/\/preshape.fr\/index.php\/wp-json\/wp\/v2\/product\/8280","targetHints":{"allow":["GET"]}}],"collection":[{"href":"https:\/\/preshape.fr\/index.php\/wp-json\/wp\/v2\/product"}],"about":[{"href":"https:\/\/preshape.fr\/index.php\/wp-json\/wp\/v2\/types\/product"}],"wp:featuredmedia":[{"embeddable":true,"href":"https:\/\/preshape.fr\/index.php\/wp-json\/wp\/v2\/media\/8282"}],"wp:attachment":[{"href":"https:\/\/preshape.fr\/index.php\/wp-json\/wp\/v2\/media?parent=8280"}],"wp:term":[{"taxonomy":"product_brand","embeddable":true,"href":"https:\/\/preshape.fr\/index.php\/wp-json\/wp\/v2\/product_brand?post=8280"},{"taxonomy":"product_cat","embeddable":true,"href":"https:\/\/preshape.fr\/index.php\/wp-json\/wp\/v2\/product_cat?post=8280"},{"taxonomy":"product_tag","embeddable":true,"href":"https:\/\/preshape.fr\/index.php\/wp-json\/wp\/v2\/product_tag?post=8280"}],"curies":[{"name":"wp","href":"https:\/\/api.w.org\/{rel}","templated":true}]}}