{"id":8228,"date":"2024-08-13T19:15:52","date_gmt":"2024-08-13T17:15:52","guid":{"rendered":"https:\/\/preshape.fr\/?post_type=product&#038;p=8228"},"modified":"2024-08-13T19:24:10","modified_gmt":"2024-08-13T17:24:10","slug":"teflon","status":"publish","type":"product","link":"https:\/\/preshape.fr\/index.php\/product\/teflon\/","title":{"rendered":"Tissu adh\u00e9sif enduit T\u00e9flon auto-d\u00e9moulant"},"content":{"rendered":"<p>Tissu de verre auto-d\u00e9moulant adh\u00e9sif, enduit T\u00e9flon.<\/p>\n<p>Compos\u00e9 d\u2019un support en tissu de verre compl\u00e8tement impr\u00e9gn\u00e9 de PTFE (T\u00e9flon), il poss\u00e8de une face auto-collante \u00e0 base d\u2019adh\u00e9sif silicone de haute qualit\u00e9, et une face t\u00e9flonn\u00e9e auto-d\u00e9moulante. Ce tissu est r\u00e9sistant \u00e0 la plupart des produits chimiques, il est ininflammable (tenue en temp\u00e9rature jusqu\u2019\u00e0 230\u00b0C), offre d\u2019excellentes propri\u00e9t\u00e9s d\u2019isolation \u00e9lectrique et est non toxique.<\/p>\n<p>La face encoll\u00e9e silicone est prot\u00e9g\u00e9e par un film papier qui se retire et facilite l\u2019application sur tout support pr\u00e9alablement nettoy\u00e9.<\/p>\n<p>Id\u00e9al pour la protection des surfaces, la r\u00e9alisation de moules, de pi\u00e8ces planes (plaques carbone\u2026). Il permet en outre de limiter la friction entre deux pi\u00e8ces en mouvement.<\/p>\n<p>Armature : fibre de verre<br \/>\nRev\u00eatement : PTFE (T\u00e9flon)<br \/>\nTeneur en PTFE : 53%<br \/>\nGrammage : 260g\/m\u00b2<br \/>\n\u00c9paisseur : 125\u00b5<br \/>\nR\u00e9sistance thermique : 230 \u00b0C<br \/>\nLargeur du tissu : 1 m<\/p>\n<p>Le prix s&rsquo;entend au m\u00b2.<\/p>\n","protected":false},"excerpt":{"rendered":"<p>Tissu de verre auto-d\u00e9moulant adh\u00e9sif, enduit T\u00e9flon &#8211; Largeur 1 m\u00e8tre &#8211;\u00a0 Prix au m\u00b2<\/p>\n","protected":false},"featured_media":8238,"template":"","meta":[],"product_brand":[],"product_cat":[297,335],"product_tag":[300,116,302,276,117,126,119,301,277,127,149],"class_list":{"0":"post-8228","1":"product","2":"type-product","3":"status-publish","4":"has-post-thumbnail","6":"product_cat-boutique-du-composite","7":"product_cat-peripherique-vide","8":"product_tag-composite","9":"product_tag-decoupe-2d","10":"product_tag-mise-sous-vide","11":"product_tag-polystyrene","12":"product_tag-preshape","13":"product_tag-sur-mesure","14":"product_tag-surf","15":"product_tag-technique-sandwich","16":"product_tag-usinage-polystyrene","17":"product_tag-windfoil","18":"product_tag-wingfoil","20":"first","21":"instock","22":"taxable","23":"shipping-taxable","24":"purchasable","25":"product-type-variable"},"jetpack_sharing_enabled":true,"_links":{"self":[{"href":"https:\/\/preshape.fr\/index.php\/wp-json\/wp\/v2\/product\/8228","targetHints":{"allow":["GET"]}}],"collection":[{"href":"https:\/\/preshape.fr\/index.php\/wp-json\/wp\/v2\/product"}],"about":[{"href":"https:\/\/preshape.fr\/index.php\/wp-json\/wp\/v2\/types\/product"}],"wp:featuredmedia":[{"embeddable":true,"href":"https:\/\/preshape.fr\/index.php\/wp-json\/wp\/v2\/media\/8238"}],"wp:attachment":[{"href":"https:\/\/preshape.fr\/index.php\/wp-json\/wp\/v2\/media?parent=8228"}],"wp:term":[{"taxonomy":"product_brand","embeddable":true,"href":"https:\/\/preshape.fr\/index.php\/wp-json\/wp\/v2\/product_brand?post=8228"},{"taxonomy":"product_cat","embeddable":true,"href":"https:\/\/preshape.fr\/index.php\/wp-json\/wp\/v2\/product_cat?post=8228"},{"taxonomy":"product_tag","embeddable":true,"href":"https:\/\/preshape.fr\/index.php\/wp-json\/wp\/v2\/product_tag?post=8228"}],"curies":[{"name":"wp","href":"https:\/\/api.w.org\/{rel}","templated":true}]}}