{"id":8164,"date":"2024-08-08T10:24:42","date_gmt":"2024-08-08T08:24:42","guid":{"rendered":"https:\/\/preshape.fr\/?post_type=product&#038;p=8164"},"modified":"2024-08-08T11:00:23","modified_gmt":"2024-08-08T09:00:23","slug":"tuyau-pe","status":"publish","type":"product","link":"https:\/\/preshape.fr\/index.php\/product\/tuyau-pe\/","title":{"rendered":"Tuyau PE"},"content":{"rendered":"<p><strong>Tuyau PE pour la r\u00e9alisation de stratifi\u00e9s sous vide et en infusion.<\/strong><\/p>\n<ul>\n<li>Mat\u00e9riaux : poly\u00e9thyl\u00e8ne<\/li>\n<li>\u00c9paisseur : 1mm (1,5mm pour le diam\u00e8tre 12\/15)<\/li>\n<li>R\u00e9sistance max. \u00e0 la temp\u00e9rature : 90\u00b0<\/li>\n<\/ul>\n<p>Diam\u00e8tre int\u00e9rieur\/ext\u00e9rieur :<\/p>\n<ul>\n<li>8\/10mm<\/li>\n<li>10\/12mm<\/li>\n<li>12\/15mm<\/li>\n<\/ul>\n<p>Unit\u00e9 de vente :<\/p>\n<ul>\n<li>Au m\u00e8tre<\/li>\n<li>Par rouleau de 10m<\/li>\n<li>Par rouleau de 25m<\/li>\n<\/ul>\n","protected":false},"excerpt":{"rendered":"<p>Tuyau PE pour la r\u00e9alisation de stratifi\u00e9s sous vide et en infusion. Disponible en 3 tailles. Vendu au m\u00e8tre ou en rouleau.<\/p>\n","protected":false},"featured_media":8168,"template":"","meta":[],"product_brand":[],"product_cat":[297,335],"product_tag":[300,116,302,276,117,126,119,301,277,127,149],"class_list":{"0":"post-8164","1":"product","2":"type-product","3":"status-publish","4":"has-post-thumbnail","6":"product_cat-boutique-du-composite","7":"product_cat-peripherique-vide","8":"product_tag-composite","9":"product_tag-decoupe-2d","10":"product_tag-mise-sous-vide","11":"product_tag-polystyrene","12":"product_tag-preshape","13":"product_tag-sur-mesure","14":"product_tag-surf","15":"product_tag-technique-sandwich","16":"product_tag-usinage-polystyrene","17":"product_tag-windfoil","18":"product_tag-wingfoil","20":"first","21":"instock","22":"taxable","23":"shipping-taxable","24":"purchasable","25":"product-type-variable"},"jetpack_sharing_enabled":true,"_links":{"self":[{"href":"https:\/\/preshape.fr\/index.php\/wp-json\/wp\/v2\/product\/8164","targetHints":{"allow":["GET"]}}],"collection":[{"href":"https:\/\/preshape.fr\/index.php\/wp-json\/wp\/v2\/product"}],"about":[{"href":"https:\/\/preshape.fr\/index.php\/wp-json\/wp\/v2\/types\/product"}],"wp:featuredmedia":[{"embeddable":true,"href":"https:\/\/preshape.fr\/index.php\/wp-json\/wp\/v2\/media\/8168"}],"wp:attachment":[{"href":"https:\/\/preshape.fr\/index.php\/wp-json\/wp\/v2\/media?parent=8164"}],"wp:term":[{"taxonomy":"product_brand","embeddable":true,"href":"https:\/\/preshape.fr\/index.php\/wp-json\/wp\/v2\/product_brand?post=8164"},{"taxonomy":"product_cat","embeddable":true,"href":"https:\/\/preshape.fr\/index.php\/wp-json\/wp\/v2\/product_cat?post=8164"},{"taxonomy":"product_tag","embeddable":true,"href":"https:\/\/preshape.fr\/index.php\/wp-json\/wp\/v2\/product_tag?post=8164"}],"curies":[{"name":"wp","href":"https:\/\/api.w.org\/{rel}","templated":true}]}}