{"id":8139,"date":"2024-08-02T12:25:04","date_gmt":"2024-08-02T10:25:04","guid":{"rendered":"https:\/\/preshape.fr\/?post_type=product&#038;p=8139"},"modified":"2024-08-02T12:38:07","modified_gmt":"2024-08-02T10:38:07","slug":"gaine-omega","status":"publish","type":"product","link":"https:\/\/preshape.fr\/index.php\/product\/gaine-omega\/","title":{"rendered":"Gaine Omega pour tuyau spriral\u00e9"},"content":{"rendered":"<p>Gaine poly\u00e9thyl\u00e8ne Om\u00e9ga 75mm.<\/p>\n<p>La gaine PE \u00ab\u00a0Om\u00e9ga\u00a0\u00bb est con\u00e7ue sp\u00e9cialement pour \u00eatre utilis\u00e9e avec le tube spiral\u00e9 10\/12mm.<br \/>\nElle est cousue trois fois dans le sens de la longueur, ce qui la rend tr\u00e8s stable et facile \u00e0 placer.<br \/>\nElle ne laisse aucune empreinte sur la surface d&rsquo;application et le tube spiral\u00e9 s&rsquo;ins\u00e8re facilement.<br \/>\nConvient aux proc\u00e9d\u00e9s d&rsquo;infusion de r\u00e9sine et au moulage par compression.<\/p>\n<p>Caract\u00e9ristiques techniques :<\/p>\n<ul>\n<li>Type de mat\u00e9riau : Poly\u00e9thyl\u00e8ne<\/li>\n<li>Style de tissage : Tricot\u00e9<\/li>\n<li>Largeur : 75 mm<\/li>\n<li>Maille (\u00e9paisseur nominale) : 1,1 mm<\/li>\n<li>Composition : 100% HDPE fil monofilament<\/li>\n<\/ul>\n<p>Le prix s&rsquo;entend au m\u00e8tre.<\/p>\n","protected":false},"excerpt":{"rendered":"<p>Gaine poly\u00e9thyl\u00e8ne Om\u00e9ga. Prix au m\u00e8tre<\/p>\n","protected":false},"featured_media":8140,"template":"","meta":[],"product_brand":[],"product_cat":[297,335],"product_tag":[300,116,302,276,117,126,119,301,277,127,149],"class_list":{"0":"post-8139","1":"product","2":"type-product","3":"status-publish","4":"has-post-thumbnail","6":"product_cat-boutique-du-composite","7":"product_cat-peripherique-vide","8":"product_tag-composite","9":"product_tag-decoupe-2d","10":"product_tag-mise-sous-vide","11":"product_tag-polystyrene","12":"product_tag-preshape","13":"product_tag-sur-mesure","14":"product_tag-surf","15":"product_tag-technique-sandwich","16":"product_tag-usinage-polystyrene","17":"product_tag-windfoil","18":"product_tag-wingfoil","20":"first","21":"instock","22":"taxable","23":"shipping-taxable","24":"purchasable","25":"product-type-simple"},"jetpack_sharing_enabled":true,"_links":{"self":[{"href":"https:\/\/preshape.fr\/index.php\/wp-json\/wp\/v2\/product\/8139","targetHints":{"allow":["GET"]}}],"collection":[{"href":"https:\/\/preshape.fr\/index.php\/wp-json\/wp\/v2\/product"}],"about":[{"href":"https:\/\/preshape.fr\/index.php\/wp-json\/wp\/v2\/types\/product"}],"wp:featuredmedia":[{"embeddable":true,"href":"https:\/\/preshape.fr\/index.php\/wp-json\/wp\/v2\/media\/8140"}],"wp:attachment":[{"href":"https:\/\/preshape.fr\/index.php\/wp-json\/wp\/v2\/media?parent=8139"}],"wp:term":[{"taxonomy":"product_brand","embeddable":true,"href":"https:\/\/preshape.fr\/index.php\/wp-json\/wp\/v2\/product_brand?post=8139"},{"taxonomy":"product_cat","embeddable":true,"href":"https:\/\/preshape.fr\/index.php\/wp-json\/wp\/v2\/product_cat?post=8139"},{"taxonomy":"product_tag","embeddable":true,"href":"https:\/\/preshape.fr\/index.php\/wp-json\/wp\/v2\/product_tag?post=8139"}],"curies":[{"name":"wp","href":"https:\/\/api.w.org\/{rel}","templated":true}]}}