{"id":8089,"date":"2024-08-01T12:24:50","date_gmt":"2024-08-01T10:24:50","guid":{"rendered":"https:\/\/preshape.fr\/?post_type=product&#038;p=8089"},"modified":"2024-08-02T12:31:13","modified_gmt":"2024-08-02T10:31:13","slug":"spatule","status":"publish","type":"product","link":"https:\/\/preshape.fr\/index.php\/product\/spatule\/","title":{"rendered":"Spatule"},"content":{"rendered":"<p>Spatule con\u00e7ue sp\u00e9cialement pour l&rsquo;application uniforme et rapide des r\u00e9sines, colles et mastics polyester ou \u00e9poxy.<\/p>\n<p>Spatule biseaut\u00e9e semi-rigide, permettant une impr\u00e9gnation parfaite des tissus, sans en abimer les mailles.<\/p>\n<p>Application ais\u00e9e, lisse et r\u00e9guli\u00e8re des mastics et colles.<\/p>\n<p>Bonne prise en main, nettoyage facile \u00e0 l&rsquo;ac\u00e9tone (poly\u00e9thyl\u00e8ne).<\/p>\n<ul>\n<li>1 spatule largeur 15,5cm, hauteur 8,7cm<\/li>\n<\/ul>\n","protected":false},"excerpt":{"rendered":"<p>Joint d\u2019\u00e9tanch\u00e9it\u00e9 adh\u00e9sif souple destin\u00e9 \u00e0 la fermeture des films de mise sous vide et d\u2019infusion<\/p>\n","protected":false},"featured_media":8090,"template":"","meta":[],"product_brand":[],"product_cat":[297,331],"product_tag":[300,116,302,276,117,126,119,301,277,127,149],"class_list":{"0":"post-8089","1":"product","2":"type-product","3":"status-publish","4":"has-post-thumbnail","6":"product_cat-boutique-du-composite","7":"product_cat-outillage","8":"product_tag-composite","9":"product_tag-decoupe-2d","10":"product_tag-mise-sous-vide","11":"product_tag-polystyrene","12":"product_tag-preshape","13":"product_tag-sur-mesure","14":"product_tag-surf","15":"product_tag-technique-sandwich","16":"product_tag-usinage-polystyrene","17":"product_tag-windfoil","18":"product_tag-wingfoil","20":"first","21":"instock","22":"taxable","23":"shipping-taxable","24":"purchasable","25":"product-type-simple"},"jetpack_sharing_enabled":true,"_links":{"self":[{"href":"https:\/\/preshape.fr\/index.php\/wp-json\/wp\/v2\/product\/8089","targetHints":{"allow":["GET"]}}],"collection":[{"href":"https:\/\/preshape.fr\/index.php\/wp-json\/wp\/v2\/product"}],"about":[{"href":"https:\/\/preshape.fr\/index.php\/wp-json\/wp\/v2\/types\/product"}],"wp:featuredmedia":[{"embeddable":true,"href":"https:\/\/preshape.fr\/index.php\/wp-json\/wp\/v2\/media\/8090"}],"wp:attachment":[{"href":"https:\/\/preshape.fr\/index.php\/wp-json\/wp\/v2\/media?parent=8089"}],"wp:term":[{"taxonomy":"product_brand","embeddable":true,"href":"https:\/\/preshape.fr\/index.php\/wp-json\/wp\/v2\/product_brand?post=8089"},{"taxonomy":"product_cat","embeddable":true,"href":"https:\/\/preshape.fr\/index.php\/wp-json\/wp\/v2\/product_cat?post=8089"},{"taxonomy":"product_tag","embeddable":true,"href":"https:\/\/preshape.fr\/index.php\/wp-json\/wp\/v2\/product_tag?post=8089"}],"curies":[{"name":"wp","href":"https:\/\/api.w.org\/{rel}","templated":true}]}}