{"id":8082,"date":"2024-07-31T19:24:22","date_gmt":"2024-07-31T17:24:22","guid":{"rendered":"https:\/\/preshape.fr\/?post_type=product&#038;p=8082"},"modified":"2024-08-02T12:31:22","modified_gmt":"2024-08-02T10:31:22","slug":"joint-etancheite","status":"publish","type":"product","link":"https:\/\/preshape.fr\/index.php\/product\/joint-etancheite\/","title":{"rendered":"Joint d&rsquo;\u00e9tanch\u00e9it\u00e9 adh\u00e9sif"},"content":{"rendered":"<p><strong>Rouleau de joint d\u2019\u00e9tanch\u00e9it\u00e9 adh\u00e9sif souple destin\u00e9 \u00e0 la fermeture des films de mise sous vide et d\u2019infusion.<\/strong><\/p>\n<p>Pr\u00e9sent\u00e9 en rouleau de 15m avec film de protection.<br \/>\nS\u2019applique sur surfaces propres et s\u00e8ches, \u00e0 temp\u00e9rature ambiante. Souplesse et mall\u00e9abilit\u00e9 permanente, tr\u00e8s forte adh\u00e9sivit\u00e9 sur la majorit\u00e9 des supports.<br \/>\nIndispensable pour cr\u00e9er une bonne \u00e9tanch\u00e9it\u00e9 dans les applications de vide et d\u2019infusion.<\/p>\n<p>Caract\u00e9ristiques\u00a0:<\/p>\n<ul>\n<li>Couleur\u00a0: noir<\/li>\n<li>Largeur\u00a0: 10mm<\/li>\n<li>\u00c9paisseur : 2mm<\/li>\n<li>Longueur du rouleau\u00a0: 15m.<\/li>\n<li>Temp\u00e9rature de mise en \u0153uvre\u00a0: 5\u00b0 \u00e0 40\u00b0<\/li>\n<li>Temp\u00e9rature d\u2019utilisation maxi.\u00a0: 110\u00b0<\/li>\n<li>Temp\u00e9rature de stockage maxi.\u00a0: 35\u00b0<\/li>\n<li>Stockage\u00a0: \u00e0 l\u2019abri du gel, dans un local sec et ventil\u00e9.<\/li>\n<\/ul>\n","protected":false},"excerpt":{"rendered":"<p>Joint d\u2019\u00e9tanch\u00e9it\u00e9 adh\u00e9sif souple destin\u00e9 \u00e0 la fermeture des films de mise sous vide et d\u2019infusion<\/p>\n","protected":false},"featured_media":8088,"template":"","meta":[],"product_brand":[],"product_cat":[297,335],"product_tag":[300,116,302,276,117,126,119,301,277,127,149],"class_list":{"0":"post-8082","1":"product","2":"type-product","3":"status-publish","4":"has-post-thumbnail","6":"product_cat-boutique-du-composite","7":"product_cat-peripherique-vide","8":"product_tag-composite","9":"product_tag-decoupe-2d","10":"product_tag-mise-sous-vide","11":"product_tag-polystyrene","12":"product_tag-preshape","13":"product_tag-sur-mesure","14":"product_tag-surf","15":"product_tag-technique-sandwich","16":"product_tag-usinage-polystyrene","17":"product_tag-windfoil","18":"product_tag-wingfoil","20":"first","21":"instock","22":"taxable","23":"shipping-taxable","24":"purchasable","25":"product-type-simple"},"jetpack_sharing_enabled":true,"_links":{"self":[{"href":"https:\/\/preshape.fr\/index.php\/wp-json\/wp\/v2\/product\/8082","targetHints":{"allow":["GET"]}}],"collection":[{"href":"https:\/\/preshape.fr\/index.php\/wp-json\/wp\/v2\/product"}],"about":[{"href":"https:\/\/preshape.fr\/index.php\/wp-json\/wp\/v2\/types\/product"}],"wp:featuredmedia":[{"embeddable":true,"href":"https:\/\/preshape.fr\/index.php\/wp-json\/wp\/v2\/media\/8088"}],"wp:attachment":[{"href":"https:\/\/preshape.fr\/index.php\/wp-json\/wp\/v2\/media?parent=8082"}],"wp:term":[{"taxonomy":"product_brand","embeddable":true,"href":"https:\/\/preshape.fr\/index.php\/wp-json\/wp\/v2\/product_brand?post=8082"},{"taxonomy":"product_cat","embeddable":true,"href":"https:\/\/preshape.fr\/index.php\/wp-json\/wp\/v2\/product_cat?post=8082"},{"taxonomy":"product_tag","embeddable":true,"href":"https:\/\/preshape.fr\/index.php\/wp-json\/wp\/v2\/product_tag?post=8082"}],"curies":[{"name":"wp","href":"https:\/\/api.w.org\/{rel}","templated":true}]}}