{"id":7952,"date":"2024-07-30T19:22:41","date_gmt":"2024-07-30T17:22:41","guid":{"rendered":"https:\/\/preshape.fr\/?post_type=product&#038;p=7952"},"modified":"2026-02-19T20:24:04","modified_gmt":"2026-02-19T19:24:04","slug":"kitefoil-upload","status":"publish","type":"product","link":"https:\/\/preshape.fr\/index.php\/product\/kitefoil-upload\/","title":{"rendered":"Kitefoil  d&rsquo;apr\u00e8s tes fichiers"},"content":{"rendered":"<p>Usinage 3D en polystyr\u00e8ne te permettant de r\u00e9aliser une planche de Kitefoil d&rsquo;apr\u00e8s tes propres fichiers.<\/p>\n<p>Envoie-nous ton fichier au format .brd \/ .3dx \/ .dxf \/ .dwg<br \/>\nSi tu h\u00e9sites pour la taille \u00e0 commander, prends toujours la dimension sup\u00e9rieure de ton fichier.<br \/>\nPour la conception de ton fichier 3d, tu peux utiliser <a href=\"https:\/\/www.akushaper.com\/users\/new\" target=\"_blank\" rel=\"noopener\">akushaper<\/a> ou <a href=\"https:\/\/www.shape3d.com\/Products\/Shape3dLite.aspx\" target=\"_blank\" rel=\"noopener\">shape3d<\/a> en t\u00e9l\u00e9chargeant les versions light ou d\u00e9mo de chacun des sites.<br \/>\nTon fichier sera contr\u00f4l\u00e9 avant usinage afin de s&rsquo;assurer qu&rsquo;il n&rsquo;y ait pas d&rsquo;anomalies. En cas de doute, on te passera un coup de fil&#8230;.<\/p>\n<p>Nous r\u00e9alisons la d\u00e9coupe de ton pr\u00e9shape sur nos machines CNC.<br \/>\nNous te livrerons un pain en 3D, soit l&rsquo;outline, le scoop, les rails et les car\u00e8nes sont d\u00e9j\u00e0 usin\u00e9s.<br \/>\nIl ne reste plus qu&rsquo;\u00e0 faire un pon\u00e7age de finition \u00e0 la main.<\/p>\n<p><strong>Si tu souhaites modifier une c\u00f4te, n&rsquo;h\u00e9site pas \u00e0 nous contacter. Nous pouvons nous adapter \u00e0 toutes les demandes !<\/strong><\/p>\n<p><strong>Choix des mat\u00e9riaux :<\/strong><br \/>\nPolystyr\u00e8ne 15k\/m3 : d\u00e9di\u00e9 \u00e0 la technique <a href=\"https:\/\/preshape.fr\/index.php\/faqs\/\" target=\"_blank\" rel=\"noopener\">sandwich<\/a>. Dans ce cas, n&rsquo;oublie pas de commander ton <a href=\"https:\/\/preshape.fr\/index.php\/product\/contre-scoop\/\" target=\"_blank\" rel=\"noopener\">contre-scoop<\/a>, n\u00e9cessaire \u00e0 toute technique de mise sous vide.<br \/>\nPolystyr\u00e8ne 30kg\/m3 : d\u00e9di\u00e9 \u00e0 la technique <a href=\"https:\/\/preshape.fr\/index.php\/faqs\/\" target=\"_blank\" rel=\"noopener\">monolithique<\/a>.<\/p>\n<p>Si tu\u00a0 veux en savoir plus sur le polystyr\u00e8ne 100% biosourc\u00e9, rendez-vous <a href=\"https:\/\/preshape.fr\/index.php\/faqs\/\" target=\"_blank\" rel=\"noopener\">ici<\/a>.<br \/>\nSi tu as besoin de mat\u00e9riel pour fabriquer tes planches (r\u00e9sine, tissus, bache, etc&#8230;) c&rsquo;est par <a href=\"https:\/\/preshape.fr\/index.php\/boutique-composite\/\">ici<\/a>.<br \/>\nSi tu as des questions techniques, utilise notre <a href=\"https:\/\/preshape.fr\/index.php\/contact\/\">formulaire de contact.<\/a><\/p>\n<p>Tous nos noyaux de planches sont d\u00e9coup\u00e9s\/usin\u00e9s dans nos locaux \u00e0 la demande.<br \/>\nUn d\u00e9lai de 7 \u00e0 10 jours de fabrication\u00a0 + 3 \u00e0 5 jours de livraison peut \u00eatre n\u00e9cessaire.<\/p>\n","protected":false},"excerpt":{"rendered":"<p>Usinage 3D en polystyr\u00e8ne te permettant de r\u00e9aliser une planche de kitefoil.<br \/>\nPlus de d\u00e9tails ci-dessous.<\/p>\n","protected":false},"featured_media":8489,"template":"","meta":[],"product_brand":[],"product_cat":[115,303,100,318],"product_tag":[116,328,276,117,126,277],"class_list":{"0":"post-7952","1":"product","2":"type-product","3":"status-publish","4":"has-post-thumbnail","6":"product_cat-preshape3d-kitefoil","7":"product_cat-preshape-all-kitefoil","8":"product_cat-preshape3d","9":"product_cat-usinage-sur-mesure","10":"product_tag-decoupe-2d","11":"product_tag-kitefoil","12":"product_tag-polystyrene","13":"product_tag-preshape","14":"product_tag-sur-mesure","15":"product_tag-usinage-polystyrene","16":"product_shipping_class-plus-2-m","18":"first","19":"onbackorder","20":"taxable","21":"shipping-taxable","22":"purchasable","23":"product-type-variable","24":"has-default-attributes"},"jetpack_sharing_enabled":true,"_links":{"self":[{"href":"https:\/\/preshape.fr\/index.php\/wp-json\/wp\/v2\/product\/7952","targetHints":{"allow":["GET"]}}],"collection":[{"href":"https:\/\/preshape.fr\/index.php\/wp-json\/wp\/v2\/product"}],"about":[{"href":"https:\/\/preshape.fr\/index.php\/wp-json\/wp\/v2\/types\/product"}],"wp:featuredmedia":[{"embeddable":true,"href":"https:\/\/preshape.fr\/index.php\/wp-json\/wp\/v2\/media\/8489"}],"wp:attachment":[{"href":"https:\/\/preshape.fr\/index.php\/wp-json\/wp\/v2\/media?parent=7952"}],"wp:term":[{"taxonomy":"product_brand","embeddable":true,"href":"https:\/\/preshape.fr\/index.php\/wp-json\/wp\/v2\/product_brand?post=7952"},{"taxonomy":"product_cat","embeddable":true,"href":"https:\/\/preshape.fr\/index.php\/wp-json\/wp\/v2\/product_cat?post=7952"},{"taxonomy":"product_tag","embeddable":true,"href":"https:\/\/preshape.fr\/index.php\/wp-json\/wp\/v2\/product_tag?post=7952"}],"curies":[{"name":"wp","href":"https:\/\/api.w.org\/{rel}","templated":true}]}}