{"id":7821,"date":"2024-07-29T19:53:39","date_gmt":"2024-07-29T17:53:39","guid":{"rendered":"https:\/\/preshape.fr\/?post_type=product&#038;p=7821"},"modified":"2026-02-19T20:56:32","modified_gmt":"2026-02-19T19:56:32","slug":"3d-kitefoil","status":"publish","type":"product","link":"https:\/\/preshape.fr\/index.php\/product\/3d-kitefoil\/","title":{"rendered":"3D Kitefoil"},"content":{"rendered":"<p>Usinage 3D en polystyr\u00e8ne te permettant de r\u00e9aliser une planche de Kitefoil.<br \/>\nNous r\u00e9alisons la d\u00e9coupe de ton pr\u00e9shape sur nos machines CNC.<br \/>\nNous te livrerons un pain en 3D, soit l&rsquo;outline, le scoop, les rails et les car\u00e8nes sont d\u00e9j\u00e0 usin\u00e9s.<br \/>\nIl ne reste plus qu&rsquo;\u00e0 faire un pon\u00e7age de finition \u00e0 la main.<\/p>\n<p><strong>Si tu souhaites modifier une c\u00f4te, n&rsquo;h\u00e9site pas \u00e0 nous contacter. Nous pouvons nous adapter \u00e0 toutes les demandes !<\/strong><\/p>\n<p><strong>Choix des mat\u00e9riaux :<\/strong><br \/>\nPolystyr\u00e8ne 15k\/m3 : d\u00e9di\u00e9 \u00e0 la technique <a href=\"https:\/\/preshape.fr\/index.php\/faqs\/\" target=\"_blank\" rel=\"noopener\">sandwich<\/a>. Dans ce cas, n&rsquo;oublie pas de commander ton <a href=\"https:\/\/preshape.fr\/index.php\/product\/contre-scoop\/\" target=\"_blank\" rel=\"noopener\">contre-scoop<\/a>, n\u00e9cessaire \u00e0 toute technique de mise sous vide.<br \/>\nPolystyr\u00e8ne 30kg\/m3 : d\u00e9di\u00e9 \u00e0 la technique <a href=\"https:\/\/preshape.fr\/index.php\/faqs\/\" target=\"_blank\" rel=\"noopener\">monolithique<\/a>.<\/p>\n<p>Si tu\u00a0 veux en savoir plus sur le polystyr\u00e8ne 100% biosourc\u00e9, rendez-vous <a href=\"https:\/\/preshape.fr\/index.php\/faqs\/\" target=\"_blank\" rel=\"noopener\">ici<\/a>.<br \/>\nSi tu as besoin de mat\u00e9riel pour fabriquer tes planches (r\u00e9sine, tissus, bache, etc&#8230;) c&rsquo;est par <a href=\"https:\/\/preshape.fr\/index.php\/boutique-composite\/\">ici<\/a>.<br \/>\nSi tu as des questions techniques, utilise notre <a href=\"https:\/\/preshape.fr\/index.php\/contact\/\">formulaire de contact.<\/a><\/p>\n<p>Tous nos noyaux de planches sont d\u00e9coup\u00e9s\/usin\u00e9s dans nos locaux \u00e0 la demande.<br \/>\nUn d\u00e9lai de 7 \u00e0 10 jours de fabrication\u00a0 + 3 \u00e0 5 jours de livraison peut \u00eatre n\u00e9cessaire.<\/p>\n","protected":false},"excerpt":{"rendered":"<p>Usinage 3D en polystyr\u00e8ne te permettant de r\u00e9aliser une planche de kitefoil.<br \/>\nPlus de d\u00e9tails ci-dessous.<\/p>\n","protected":false},"featured_media":8517,"template":"","meta":[],"product_brand":[],"product_cat":[115,303,100],"product_tag":[116,276,117,126,277],"class_list":{"0":"post-7821","1":"product","2":"type-product","3":"status-publish","4":"has-post-thumbnail","6":"product_cat-preshape3d-kitefoil","7":"product_cat-preshape-all-kitefoil","8":"product_cat-preshape3d","9":"product_tag-decoupe-2d","10":"product_tag-polystyrene","11":"product_tag-preshape","12":"product_tag-sur-mesure","13":"product_tag-usinage-polystyrene","14":"product_shipping_class-moins-2-m","16":"first","17":"onbackorder","18":"taxable","19":"shipping-taxable","20":"purchasable","21":"product-type-variable","22":"has-default-attributes"},"jetpack_sharing_enabled":true,"_links":{"self":[{"href":"https:\/\/preshape.fr\/index.php\/wp-json\/wp\/v2\/product\/7821","targetHints":{"allow":["GET"]}}],"collection":[{"href":"https:\/\/preshape.fr\/index.php\/wp-json\/wp\/v2\/product"}],"about":[{"href":"https:\/\/preshape.fr\/index.php\/wp-json\/wp\/v2\/types\/product"}],"wp:featuredmedia":[{"embeddable":true,"href":"https:\/\/preshape.fr\/index.php\/wp-json\/wp\/v2\/media\/8517"}],"wp:attachment":[{"href":"https:\/\/preshape.fr\/index.php\/wp-json\/wp\/v2\/media?parent=7821"}],"wp:term":[{"taxonomy":"product_brand","embeddable":true,"href":"https:\/\/preshape.fr\/index.php\/wp-json\/wp\/v2\/product_brand?post=7821"},{"taxonomy":"product_cat","embeddable":true,"href":"https:\/\/preshape.fr\/index.php\/wp-json\/wp\/v2\/product_cat?post=7821"},{"taxonomy":"product_tag","embeddable":true,"href":"https:\/\/preshape.fr\/index.php\/wp-json\/wp\/v2\/product_tag?post=7821"}],"curies":[{"name":"wp","href":"https:\/\/api.w.org\/{rel}","templated":true}]}}