{"id":6958,"date":"2024-07-20T18:17:19","date_gmt":"2024-07-20T16:17:19","guid":{"rendered":"https:\/\/preshape.fr\/?post_type=product&#038;p=6958"},"modified":"2026-02-19T20:55:31","modified_gmt":"2026-02-19T19:55:31","slug":"decoupe-2d-wingfoil","status":"publish","type":"product","link":"https:\/\/preshape.fr\/index.php\/product\/decoupe-2d-wingfoil\/","title":{"rendered":"2D Wingfoil"},"content":{"rendered":"<p>D\u00e9coupe 2D en polystyr\u00e8ne te permettant de r\u00e9aliser une planche de Wingfoil.<br \/>\nDimensions disponibles :<br \/>\n4\u20197 x 20.2<br \/>\n5\u20190 x\u00a0 25.5<br \/>\n5\u20192 x 26<br \/>\n5\u20193 x 27.3<br \/>\n5\u20198 x 27<br \/>\n5\u201910 x 28<\/p>\n<p><strong>Si tu souhaites modifier une c\u00f4te, n&rsquo;h\u00e9site pas \u00e0 nous contacter. Nous pouvons nous adapter \u00e0 toutes les demandes !<\/strong><\/p>\n<p><strong>Choix des mat\u00e9riaux :<\/strong><br \/>\nPolystyr\u00e8ne 15k\/m3 : d\u00e9di\u00e9 \u00e0 la technique <a href=\"https:\/\/preshape.fr\/index.php\/faqs\/\" target=\"_blank\" rel=\"noopener\">sandwich<\/a>. Dans ce cas, n&rsquo;oublie pas de commander ton <a href=\"https:\/\/preshape.fr\/index.php\/product\/contre-scoop\/\" target=\"_blank\" rel=\"noopener\">contre-scoop<\/a>, n\u00e9cessaire \u00e0 toute technique de mise sous vide.<br \/>\nPolystyr\u00e8ne 30kg\/m3 : d\u00e9di\u00e9 \u00e0 la technique <a href=\"https:\/\/preshape.fr\/index.php\/faqs\/\" target=\"_blank\" rel=\"noopener\">monolithique<\/a>.<br \/>\nSi tu\u00a0 veux en savoir plus sur le polystyr\u00e8ne 100% biosourc\u00e9, rendez-vous <a href=\"https:\/\/preshape.fr\/index.php\/faqs\/\" target=\"_blank\" rel=\"noopener\">ici<\/a>.<br \/>\nSi tu as besoin de mat\u00e9riel pour fabriquer tes planches (r\u00e9sine, tissus, bache, etc&#8230;) c&rsquo;est par <a href=\"https:\/\/preshape.fr\/index.php\/product-category\/boutique-du-composite\/\">ici<\/a>.<\/p>\n<p>Tous nos noyaux de planches sont d\u00e9coup\u00e9s\/usin\u00e9s dans nos locaux \u00e0 la demande.<br \/>\nUn d\u00e9lai de 2 \u00e0 5 jours de fabrication\u00a0 + 3 \u00e0 5 jours de livraison peut \u00eatre n\u00e9cessaire.<\/p>\n","protected":false},"excerpt":{"rendered":"<p>D\u00e9coupe 2D en polystyr\u00e8ne te permettant de r\u00e9aliser une planche de Wingfoil.<br \/>\nPlus de d\u00e9tails ci-dessous&#8230;<\/p>\n","protected":false},"featured_media":8516,"template":"","meta":[],"product_brand":[],"product_cat":[99,111,287],"product_tag":[116,276,117,126,119,277,127],"class_list":{"0":"post-6958","1":"product","2":"type-product","3":"status-publish","4":"has-post-thumbnail","6":"product_cat-preshape2d","7":"product_cat-preshape2d-wingfoil","8":"product_cat-all-wingfoil","9":"product_tag-decoupe-2d","10":"product_tag-polystyrene","11":"product_tag-preshape","12":"product_tag-sur-mesure","13":"product_tag-surf","14":"product_tag-usinage-polystyrene","15":"product_tag-windfoil","16":"product_shipping_class-moins-2-m","18":"first","19":"instock","20":"featured","21":"taxable","22":"shipping-taxable","23":"purchasable","24":"product-type-variable","25":"has-default-attributes"},"jetpack_sharing_enabled":true,"_links":{"self":[{"href":"https:\/\/preshape.fr\/index.php\/wp-json\/wp\/v2\/product\/6958","targetHints":{"allow":["GET"]}}],"collection":[{"href":"https:\/\/preshape.fr\/index.php\/wp-json\/wp\/v2\/product"}],"about":[{"href":"https:\/\/preshape.fr\/index.php\/wp-json\/wp\/v2\/types\/product"}],"wp:featuredmedia":[{"embeddable":true,"href":"https:\/\/preshape.fr\/index.php\/wp-json\/wp\/v2\/media\/8516"}],"wp:attachment":[{"href":"https:\/\/preshape.fr\/index.php\/wp-json\/wp\/v2\/media?parent=6958"}],"wp:term":[{"taxonomy":"product_brand","embeddable":true,"href":"https:\/\/preshape.fr\/index.php\/wp-json\/wp\/v2\/product_brand?post=6958"},{"taxonomy":"product_cat","embeddable":true,"href":"https:\/\/preshape.fr\/index.php\/wp-json\/wp\/v2\/product_cat?post=6958"},{"taxonomy":"product_tag","embeddable":true,"href":"https:\/\/preshape.fr\/index.php\/wp-json\/wp\/v2\/product_tag?post=6958"}],"curies":[{"name":"wp","href":"https:\/\/api.w.org\/{rel}","templated":true}]}}