{"id":6864,"date":"2024-07-20T16:57:19","date_gmt":"2024-07-20T14:57:19","guid":{"rendered":"https:\/\/preshape.fr\/?post_type=product&#038;p=6864"},"modified":"2026-02-19T21:12:26","modified_gmt":"2026-02-19T20:12:26","slug":"preshape-3d-wingfoil","status":"publish","type":"product","link":"https:\/\/preshape.fr\/index.php\/product\/preshape-3d-wingfoil\/","title":{"rendered":"3D Wingfoil"},"content":{"rendered":"<p>Usinage 3D en polystyr\u00e8ne te permettant de r\u00e9aliser une planche de wingfoil.<\/p>\n<p>Mod\u00e8les disponibles\u00a0 de 55 \u00e0 130 litres :<\/p>\n<p>55 litres &#8211; 4&rsquo;7 x 20.2<br \/>\n70 litres &#8211; 5&rsquo;0 x\u00a0 25.5<br \/>\n80 litres &#8211; 5&rsquo;2 x 26<br \/>\n92 litres &#8211; 5&rsquo;3 x 27.3<br \/>\n110 litres &#8211; 5&rsquo;8 x 27<br \/>\n130 litres &#8211; 5&rsquo;10 x 28<\/p>\n<p><strong>Si tu souhaites modifier une c\u00f4te, n&rsquo;h\u00e9site pas \u00e0 nous contacter. Nous pouvons nous adapter \u00e0 toutes les demandes !<\/strong><\/p>\n<p>Nous r\u00e9alisons la d\u00e9coupe de ton pr\u00e9shape sur nos machines CNC.<br \/>\nNous te livrerons un pain en 3D, soit l&rsquo;outline, le scoop, les rails et les car\u00e8nes sont d\u00e9j\u00e0 usin\u00e9s.<br \/>\nIl ne reste plus qu&rsquo;\u00e0 faire un pon\u00e7age de finition \u00e0 la main.<\/p>\n<p><strong>Choix des mat\u00e9riaux :<\/strong><br \/>\nPolystyr\u00e8ne 15k\/m3 : d\u00e9di\u00e9 \u00e0 la technique <a href=\"https:\/\/preshape.fr\/index.php\/faqs\/\" target=\"_blank\" rel=\"noopener\">sandwich<\/a>. Dans ce cas, n&rsquo;oublie pas de commander ton <a href=\"https:\/\/preshape.fr\/index.php\/product\/contre-scoop\/\" target=\"_blank\" rel=\"noopener\">contre-scoop<\/a>, n\u00e9cessaire \u00e0 toute technique de mise sous vide.<br \/>\nPolystyr\u00e8ne 30kg\/m3 : d\u00e9di\u00e9 \u00e0 la technique <a href=\"https:\/\/preshape.fr\/index.php\/faqs\/\" target=\"_blank\" rel=\"noopener\">monolithique<\/a>.<br \/>\nSi tu\u00a0 veux en savoir plus sur le polystyr\u00e8ne 100% biosourc\u00e9, rendez-vous <a href=\"https:\/\/preshape.fr\/index.php\/faqs\/\" target=\"_blank\" rel=\"noopener\">ici<\/a>.<br \/>\nSi tu as besoin de mat\u00e9riel pour fabriquer tes planches (r\u00e9sine, tissus, bache, etc&#8230;) c&rsquo;est par <a href=\"https:\/\/preshape.fr\/index.php\/product-category\/boutique-du-composite\/\">ici<\/a>.<\/p>\n<p>Tous nos noyaux de planches sont d\u00e9coup\u00e9s\/usin\u00e9s dans nos locaux \u00e0 la demande.<br \/>\nUn d\u00e9lai de 7 \u00e0 10 jours de fabrication\u00a0 + 3 \u00e0 5 jours de livraison peut \u00eatre n\u00e9cessaire.<\/p>\n","protected":false},"excerpt":{"rendered":"<p>Usinage 3D en polystyr\u00e8ne te permettant de r\u00e9aliser une planche de wingfoil.<br \/>\nPlus de d\u00e9tails ci-dessous.<\/p>\n","protected":false},"featured_media":8521,"template":"","meta":[],"product_brand":[],"product_cat":[100,112,287],"product_tag":[271,117,119,171],"class_list":{"0":"post-6864","1":"product","2":"type-product","3":"status-publish","4":"has-post-thumbnail","6":"product_cat-preshape3d","7":"product_cat-preshape3d-wingfoil","8":"product_cat-all-wingfoil","9":"product_tag-egg","10":"product_tag-preshape","11":"product_tag-surf","12":"product_tag-usinage-3d","13":"product_shipping_class-moins-2-m","15":"first","16":"onbackorder","17":"taxable","18":"shipping-taxable","19":"purchasable","20":"product-type-variable"},"jetpack_sharing_enabled":true,"_links":{"self":[{"href":"https:\/\/preshape.fr\/index.php\/wp-json\/wp\/v2\/product\/6864","targetHints":{"allow":["GET"]}}],"collection":[{"href":"https:\/\/preshape.fr\/index.php\/wp-json\/wp\/v2\/product"}],"about":[{"href":"https:\/\/preshape.fr\/index.php\/wp-json\/wp\/v2\/types\/product"}],"wp:featuredmedia":[{"embeddable":true,"href":"https:\/\/preshape.fr\/index.php\/wp-json\/wp\/v2\/media\/8521"}],"wp:attachment":[{"href":"https:\/\/preshape.fr\/index.php\/wp-json\/wp\/v2\/media?parent=6864"}],"wp:term":[{"taxonomy":"product_brand","embeddable":true,"href":"https:\/\/preshape.fr\/index.php\/wp-json\/wp\/v2\/product_brand?post=6864"},{"taxonomy":"product_cat","embeddable":true,"href":"https:\/\/preshape.fr\/index.php\/wp-json\/wp\/v2\/product_cat?post=6864"},{"taxonomy":"product_tag","embeddable":true,"href":"https:\/\/preshape.fr\/index.php\/wp-json\/wp\/v2\/product_tag?post=6864"}],"curies":[{"name":"wp","href":"https:\/\/api.w.org\/{rel}","templated":true}]}}