{"id":6506,"date":"2024-07-07T18:57:46","date_gmt":"2024-07-07T16:57:46","guid":{"rendered":"https:\/\/preshape.fr\/?post_type=product&#038;p=6506"},"modified":"2026-02-19T21:14:49","modified_gmt":"2026-02-19T20:14:49","slug":"modelisation3d","status":"publish","type":"product","link":"https:\/\/preshape.fr\/index.php\/product\/modelisation3d\/","title":{"rendered":"Mod\u00e9lisation 3D sur-mesure"},"content":{"rendered":"<p>Une premi\u00e8re dans le monde du pr\u00e9shape !<br \/>\nNous r\u00e9alisons ton fichier 3D sur-mesure, suivant tes recommandations techniques : longueur, largeur, scoop, epaisseur, etc &#8230;<br \/>\nNous te conseillerons suivant ton niveau, ton gabarit, ton spot de navigation et les planches que tu as d\u00e9j\u00e0 utilis\u00e9es.<br \/>\nSuite au cahier des charges \u00e9tabli, nous te proposerons diff\u00e9rents fichiers jusqu&rsquo;\u00e0 trouver le shape id\u00e9al.<br \/>\nIl sera ensuite usin\u00e9 en 3D et il te resteras \u00e0 passer \u00e0 la stratification !<\/p>\n<p>D\u00e9roulement de la proc\u00e9dure d&rsquo;achat :<br \/>\n1- choisis ta discipline dans le menu d\u00e9roulant<br \/>\n2 &#8211; choisis\u00a0 ensuite la technique de stratification : Sandwich ou Monolithique<br \/>\n3 &#8211; proc\u00e8de au r\u00e8glement de ta commande<br \/>\n4 &#8211; nous prendrons contact avec toi pour travailler ensemble sur le shape de tes r\u00eaves !<\/p>\n","protected":false},"excerpt":{"rendered":"<p>Nous r\u00e9alisons ton fichier 3D sur-mesure, suivant tes recommandations techniques : longueur, largeur, scoop, epaisseur, etc &#8230;<br \/>\nPlus de d\u00e9tails ci-dessous.<\/p>\n","protected":false},"featured_media":8522,"template":"","meta":[],"product_brand":[],"product_cat":[115,108,100,107,110,112],"product_tag":[271,117,119,171],"class_list":{"0":"post-6506","1":"product","2":"type-product","3":"status-publish","4":"has-post-thumbnail","6":"product_cat-preshape3d-kitefoil","7":"product_cat-preshape3d-surf","8":"product_cat-preshape3d","9":"product_cat-preshape3d-windfoil","10":"product_cat-preshape3d-windesurf","11":"product_cat-preshape3d-wingfoil","12":"product_tag-egg","13":"product_tag-preshape","14":"product_tag-surf","15":"product_tag-usinage-3d","16":"product_shipping_class-plus-2-m","18":"first","19":"instock","20":"taxable","21":"shipping-taxable","22":"purchasable","23":"product-type-variable","24":"has-default-attributes"},"jetpack_sharing_enabled":true,"_links":{"self":[{"href":"https:\/\/preshape.fr\/index.php\/wp-json\/wp\/v2\/product\/6506","targetHints":{"allow":["GET"]}}],"collection":[{"href":"https:\/\/preshape.fr\/index.php\/wp-json\/wp\/v2\/product"}],"about":[{"href":"https:\/\/preshape.fr\/index.php\/wp-json\/wp\/v2\/types\/product"}],"wp:featuredmedia":[{"embeddable":true,"href":"https:\/\/preshape.fr\/index.php\/wp-json\/wp\/v2\/media\/8522"}],"wp:attachment":[{"href":"https:\/\/preshape.fr\/index.php\/wp-json\/wp\/v2\/media?parent=6506"}],"wp:term":[{"taxonomy":"product_brand","embeddable":true,"href":"https:\/\/preshape.fr\/index.php\/wp-json\/wp\/v2\/product_brand?post=6506"},{"taxonomy":"product_cat","embeddable":true,"href":"https:\/\/preshape.fr\/index.php\/wp-json\/wp\/v2\/product_cat?post=6506"},{"taxonomy":"product_tag","embeddable":true,"href":"https:\/\/preshape.fr\/index.php\/wp-json\/wp\/v2\/product_tag?post=6506"}],"curies":[{"name":"wp","href":"https:\/\/api.w.org\/{rel}","templated":true}]}}