{"id":6315,"date":"2024-06-30T19:02:28","date_gmt":"2024-06-30T17:02:28","guid":{"rendered":"https:\/\/preshape.fr\/?post_type=product&#038;p=6315"},"modified":"2026-02-19T21:08:18","modified_gmt":"2026-02-19T20:08:18","slug":"3d-windfoil","status":"publish","type":"product","link":"https:\/\/preshape.fr\/index.php\/product\/3d-windfoil\/","title":{"rendered":"3D Windfoil"},"content":{"rendered":"<p>Usinage 3D en polystyr\u00e8ne te permettant de r\u00e9aliser une planche de windfoil.<br \/>\nMod\u00e8les disponibles de 119 \u00e0 188 litres :<\/p>\n<p>119 litres &#8211;\u00a0 218 x 75 cm<br \/>\n128 litres &#8211; 218 x\u00a0 80 cm<br \/>\n136 litres &#8211; 218 x 85 cm<br \/>\n143 litres &#8211;\u00a0 218 x\u00a0 90 cm<br \/>\n167 litres &#8211; 218 x 95 cm<br \/>\n188 litres &#8211; 218 x 100 cm<\/p>\n<p>Nous r\u00e9alisons la d\u00e9coupe de ton pr\u00e9shape sur nos machines CNC.<br \/>\nNous te livrerons un pain en 3D, soit l&rsquo;outline, le scoop, les rails et les car\u00e8nes sont d\u00e9j\u00e0 usin\u00e9s.<br \/>\nIl ne reste plus qu&rsquo;\u00e0 faire un pon\u00e7age de finition \u00e0 la main.<\/p>\n<p><strong>Choix des mat\u00e9riaux :<\/strong><br \/>\nPolystyr\u00e8ne 15k\/m3 : d\u00e9di\u00e9 \u00e0 la technique <a href=\"https:\/\/preshape.fr\/index.php\/faqs\/\" target=\"_blank\" rel=\"noopener\">sandwich<\/a>. Dans ce cas, n&rsquo;oublie pas de commander ton <a href=\"https:\/\/preshape.fr\/index.php\/product\/contre-scoop\/\" target=\"_blank\" rel=\"noopener\">contre-scoop<\/a>, n\u00e9cessaire \u00e0 toute technique de mise sous vide.<br \/>\nPolystyr\u00e8ne 30kg\/m3 : d\u00e9di\u00e9 \u00e0 la technique <a href=\"https:\/\/preshape.fr\/index.php\/faqs\/\" target=\"_blank\" rel=\"noopener\">monolithique<\/a>.<\/p>\n<p>Si tu\u00a0 veux en savoir plus sur le polystyr\u00e8ne 100% biosourc\u00e9, rendez-vous <a href=\"https:\/\/preshape.fr\/index.php\/faqs\/\" target=\"_blank\" rel=\"noopener\">ici<\/a>.<br \/>\nSi tu as besoin de mat\u00e9riel pour fabriquer tes planches (r\u00e9sine, tissus, bache, etc&#8230;) c&rsquo;est par <a href=\"https:\/\/preshape.fr\/index.php\/product-category\/boutique-du-composite\/\">ici<\/a>.<br \/>\nSi tu as des questions techniques, utilise notre <a href=\"https:\/\/preshape.fr\/index.php\/contact\/\">formulaire de contact.<\/a><\/p>\n<p>Tous nos noyaux de planches sont d\u00e9coup\u00e9s\/usin\u00e9s dans nos locaux \u00e0 la demande.<br \/>\nUn d\u00e9lai de 7 \u00e0 10 jours de fabrication\u00a0 + 3 \u00e0 5 jours de livraison peut \u00eatre n\u00e9cessaire.<\/p>\n","protected":false},"excerpt":{"rendered":"<p>Usinage 3D en polystyr\u00e8ne te permettant de r\u00e9aliser une planche de windfoil. Plus de d\u00e9tails ci-dessous.<\/p>\n","protected":false},"featured_media":8520,"template":"","meta":[],"product_brand":[],"product_cat":[100,107,273],"product_tag":[271,117,119,171],"class_list":{"0":"post-6315","1":"product","2":"type-product","3":"status-publish","4":"has-post-thumbnail","6":"product_cat-preshape3d","7":"product_cat-preshape3d-windfoil","8":"product_cat-all-windfoil","9":"product_tag-egg","10":"product_tag-preshape","11":"product_tag-surf","12":"product_tag-usinage-3d","13":"product_shipping_class-plus-2-m","15":"first","16":"onbackorder","17":"taxable","18":"shipping-taxable","19":"purchasable","20":"product-type-variable"},"jetpack_sharing_enabled":true,"_links":{"self":[{"href":"https:\/\/preshape.fr\/index.php\/wp-json\/wp\/v2\/product\/6315","targetHints":{"allow":["GET"]}}],"collection":[{"href":"https:\/\/preshape.fr\/index.php\/wp-json\/wp\/v2\/product"}],"about":[{"href":"https:\/\/preshape.fr\/index.php\/wp-json\/wp\/v2\/types\/product"}],"wp:featuredmedia":[{"embeddable":true,"href":"https:\/\/preshape.fr\/index.php\/wp-json\/wp\/v2\/media\/8520"}],"wp:attachment":[{"href":"https:\/\/preshape.fr\/index.php\/wp-json\/wp\/v2\/media?parent=6315"}],"wp:term":[{"taxonomy":"product_brand","embeddable":true,"href":"https:\/\/preshape.fr\/index.php\/wp-json\/wp\/v2\/product_brand?post=6315"},{"taxonomy":"product_cat","embeddable":true,"href":"https:\/\/preshape.fr\/index.php\/wp-json\/wp\/v2\/product_cat?post=6315"},{"taxonomy":"product_tag","embeddable":true,"href":"https:\/\/preshape.fr\/index.php\/wp-json\/wp\/v2\/product_tag?post=6315"}],"curies":[{"name":"wp","href":"https:\/\/api.w.org\/{rel}","templated":true}]}}