{"id":6238,"date":"2024-06-30T17:39:14","date_gmt":"2024-06-30T15:39:14","guid":{"rendered":"https:\/\/preshape.fr\/?post_type=product&#038;p=6238"},"modified":"2026-02-19T21:01:32","modified_gmt":"2026-02-19T20:01:32","slug":"mini-malibu-preshape-3d-2","status":"publish","type":"product","link":"https:\/\/preshape.fr\/index.php\/product\/mini-malibu-preshape-3d-2\/","title":{"rendered":"3D Surf Mini Malibu de 7&rsquo;0 \u00e0 7&rsquo;6"},"content":{"rendered":"<p>Usinage 3D en polystyr\u00e8ne te permettant de r\u00e9aliser une planche de Surf Mini Malibu.<\/p>\n<p>Nous r\u00e9alisons la d\u00e9coupe de ton pr\u00e9shape sur nos machines CNC.<br \/>\nNous te livrerons un pain en 3D, soit l&rsquo;outline, le scoop\/rocker, les rails et les car\u00e8nes sont d\u00e9j\u00e0 usin\u00e9s.<br \/>\nIl ne reste plus qu&rsquo;\u00e0 faire un pon\u00e7age de finition \u00e0 la main.<\/p>\n<p><strong>Si tu souhaites modifier une c\u00f4te, n&rsquo;h\u00e9site pas \u00e0 nous contacter. Nous pouvons nous adapter \u00e0 toutes les demandes !<\/strong><\/p>\n<p>Si tu\u00a0 veux en savoir plus sur le polystyr\u00e8ne 100% biosourc\u00e9, rendez-vous <a href=\"https:\/\/preshape.fr\/index.php\/faqs\/\" target=\"_blank\" rel=\"noopener\">ici<\/a>.<br \/>\nSi tu as besoin de mat\u00e9riel pour fabriquer tes planches (r\u00e9sine, tissus, b\u00e2che, etc&#8230;) c&rsquo;est par <a href=\"https:\/\/preshape.fr\/index.php\/boutique-composite\/\">ici<\/a>.<br \/>\nSi tu as des questions techniques, utilise notre <a href=\"https:\/\/preshape.fr\/index.php\/contact\/\">formulaire de contact.<\/a><\/p>\n<p>Tous nos noyaux de planches sont d\u00e9coup\u00e9s\/usin\u00e9s dans nos locaux \u00e0 la demande.<br \/>\nUn d\u00e9lai de 7 \u00e0 10 jours de fabrication\u00a0 + 3 \u00e0 5 jours de livraison peut \u00eatre n\u00e9cessaire.<\/p>\n","protected":false},"excerpt":{"rendered":"<p>Usinage 3D en polystyr\u00e8ne te permettant de r\u00e9aliser une planche de Surf Mini Malibu.<\/p>\n","protected":false},"featured_media":8465,"template":"","meta":[],"product_brand":[],"product_cat":[108,228,100],"product_tag":[117,119,171],"class_list":{"0":"post-6238","1":"product","2":"type-product","3":"status-publish","4":"has-post-thumbnail","6":"product_cat-preshape3d-surf","7":"product_cat-all-surf","8":"product_cat-preshape3d","9":"product_tag-preshape","10":"product_tag-surf","11":"product_tag-usinage-3d","12":"product_shipping_class-moins-2-m","14":"first","15":"onbackorder","16":"taxable","17":"shipping-taxable","18":"purchasable","19":"product-type-variable"},"jetpack_sharing_enabled":true,"_links":{"self":[{"href":"https:\/\/preshape.fr\/index.php\/wp-json\/wp\/v2\/product\/6238","targetHints":{"allow":["GET"]}}],"collection":[{"href":"https:\/\/preshape.fr\/index.php\/wp-json\/wp\/v2\/product"}],"about":[{"href":"https:\/\/preshape.fr\/index.php\/wp-json\/wp\/v2\/types\/product"}],"wp:featuredmedia":[{"embeddable":true,"href":"https:\/\/preshape.fr\/index.php\/wp-json\/wp\/v2\/media\/8465"}],"wp:attachment":[{"href":"https:\/\/preshape.fr\/index.php\/wp-json\/wp\/v2\/media?parent=6238"}],"wp:term":[{"taxonomy":"product_brand","embeddable":true,"href":"https:\/\/preshape.fr\/index.php\/wp-json\/wp\/v2\/product_brand?post=6238"},{"taxonomy":"product_cat","embeddable":true,"href":"https:\/\/preshape.fr\/index.php\/wp-json\/wp\/v2\/product_cat?post=6238"},{"taxonomy":"product_tag","embeddable":true,"href":"https:\/\/preshape.fr\/index.php\/wp-json\/wp\/v2\/product_tag?post=6238"}],"curies":[{"name":"wp","href":"https:\/\/api.w.org\/{rel}","templated":true}]}}