{"id":6229,"date":"2024-06-30T17:29:24","date_gmt":"2024-06-30T15:29:24","guid":{"rendered":"https:\/\/preshape.fr\/?post_type=product&#038;p=6229"},"modified":"2024-08-07T13:00:07","modified_gmt":"2024-08-07T11:00:07","slug":"mini-malibu-preshape-2d","status":"publish","type":"product","link":"https:\/\/preshape.fr\/index.php\/product\/mini-malibu-preshape-2d\/","title":{"rendered":"2D Surf Mini Malibu de 7&rsquo;0 \u00e0 7&rsquo;6"},"content":{"rendered":"<p>Pr\u00e9shape 2D en polystyr\u00e8ne te permettant de r\u00e9aliser une planche de surf type Mini Malibu.<\/p>\n<p>Tous nos noyaux de planches sont d\u00e9coup\u00e9s\/usin\u00e9s dans nos locaux \u00e0 la demande.<br \/>\nNous te livrerons un pain en 2D avec seulement l&rsquo;outline et le rocker d\u00e9coup\u00e9s.<\/p>\n<p>R\u00e9alisation \u00e0 la commande,<strong> un d\u00e9lai de 5 \u00e0 7 jours de fabrication et 3 \u00e0 5 jours de livraison peut \u00eatre n\u00e9cessaire.<\/strong><\/p>\n<p>Si tu\u00a0 veux en savoir plus sur le polystyr\u00e8ne 100% biosourc\u00e9, rendez-vous <a href=\"https:\/\/preshape.fr\/index.php\/faqs\/\">ici<\/a>.<br \/>\nSi tu as besoin de mat\u00e9riel pour fabriquer tes planches (r\u00e9sine, tissus, bache, etc&#8230;) c&rsquo;est par <a href=\"https:\/\/preshape.fr\/index.php\/product-category\/boutique-du-composite\/\">ici<\/a>.<\/p>\n<p>&nbsp;<\/p>\n","protected":false},"excerpt":{"rendered":"<p>Pr\u00e9shape 2D en polystyr\u00e8ne te permettant de r\u00e9aliser une planche de surf type Mini Malibu.<br \/>\nPlus de d\u00e9tails ci-dessous.<\/p>\n","protected":false},"featured_media":6582,"template":"","meta":[],"product_brand":[],"product_cat":[99,103,228],"product_tag":[116,271,117,119],"class_list":{"0":"post-6229","1":"product","2":"type-product","3":"status-publish","4":"has-post-thumbnail","6":"product_cat-preshape2d","7":"product_cat-preshape2d-surf","8":"product_cat-all-surf","9":"product_tag-decoupe-2d","10":"product_tag-egg","11":"product_tag-preshape","12":"product_tag-surf","13":"product_shipping_class-moins-2-m","15":"first","16":"instock","17":"featured","18":"taxable","19":"shipping-taxable","20":"purchasable","21":"product-type-variable"},"jetpack_sharing_enabled":true,"_links":{"self":[{"href":"https:\/\/preshape.fr\/index.php\/wp-json\/wp\/v2\/product\/6229","targetHints":{"allow":["GET"]}}],"collection":[{"href":"https:\/\/preshape.fr\/index.php\/wp-json\/wp\/v2\/product"}],"about":[{"href":"https:\/\/preshape.fr\/index.php\/wp-json\/wp\/v2\/types\/product"}],"wp:featuredmedia":[{"embeddable":true,"href":"https:\/\/preshape.fr\/index.php\/wp-json\/wp\/v2\/media\/6582"}],"wp:attachment":[{"href":"https:\/\/preshape.fr\/index.php\/wp-json\/wp\/v2\/media?parent=6229"}],"wp:term":[{"taxonomy":"product_brand","embeddable":true,"href":"https:\/\/preshape.fr\/index.php\/wp-json\/wp\/v2\/product_brand?post=6229"},{"taxonomy":"product_cat","embeddable":true,"href":"https:\/\/preshape.fr\/index.php\/wp-json\/wp\/v2\/product_cat?post=6229"},{"taxonomy":"product_tag","embeddable":true,"href":"https:\/\/preshape.fr\/index.php\/wp-json\/wp\/v2\/product_tag?post=6229"}],"curies":[{"name":"wp","href":"https:\/\/api.w.org\/{rel}","templated":true}]}}