{"id":8083,"date":"2024-08-01T12:03:00","date_gmt":"2024-08-01T10:03:00","guid":{"rendered":"https:\/\/preshape.fr\/?page_id=8083"},"modified":"2024-08-20T17:12:38","modified_gmt":"2024-08-20T15:12:38","slug":"boutique-composite","status":"publish","type":"page","link":"https:\/\/preshape.fr\/index.php\/boutique-composite\/","title":{"rendered":"Mat\u00e9riel Composite"},"content":{"rendered":"\t\t<div data-elementor-type=\"wp-page\" data-elementor-id=\"8083\" class=\"elementor elementor-8083\" data-elementor-post-type=\"page\">\n\t\t\t\t\t\t<section class=\"elementor-section elementor-top-section elementor-element elementor-element-3065b25 elementor-section-content-middle elementor-section-boxed elementor-section-height-default elementor-section-height-default\" data-id=\"3065b25\" data-element_type=\"section\" data-e-type=\"section\">\r\n\t\t\r\n\t\t\t\t\t\t\t<div class=\"elementor-container elementor-column-gap-default\">\r\n\t\t\t\t\t\t\t\t\t\t\t<div class=\"elementor-column elementor-col-100 elementor-top-column elementor-element elementor-element-b8abcc0\" data-id=\"b8abcc0\" data-element_type=\"column\" data-e-type=\"column\">\r\n\t\t\t\t\t<div class=\"elementor-widget-wrap elementor-element-populated\">\r\n\t\t\t\t\t\t\t\t<div class=\"elementor-element elementor-element-0f33964 elementor-widget elementor-widget-porto_ultimate_heading\" data-id=\"0f33964\" data-element_type=\"widget\" data-e-type=\"widget\" data-widget_type=\"porto_ultimate_heading.default\">\n\t\t\t\t<div class=\"elementor-widget-container\">\n\t\t\t\t\t<div class=\"porto-u-heading  porto-u-bd11424de395366805213f3c847c9ae4\"><div class=\"porto-u-main-heading\"><h2   >Mat\u00e9riel<\/h2><\/div><div class=\"porto-u-sub-heading\" style=\"\"><p>Tout le mat\u00e9riel dont tu auras besoin pour fabriquer toi-m\u00eame ta planche.<\/p><\/div><style>.porto-u-bd11424de395366805213f3c847c9ae4.porto-u-heading{text-align:center}<\/style><\/div>\t\t\t\t<\/div>\n\t\t\t\t<\/div>\n\t\t\t\t<div class=\"elementor-element elementor-element-50adf66 elementor-widget elementor-widget-porto_ultimate_heading\" data-id=\"50adf66\" data-element_type=\"widget\" data-e-type=\"widget\" data-widget_type=\"porto_ultimate_heading.default\">\n\t\t\t\t<div class=\"elementor-widget-container\">\n\t\t\t\t\t<div class=\"porto-u-heading  porto-u-bd11424de395366805213f3c847c9ae4\"><div class=\"porto-u-main-heading\"><h2 class=\"marquee\" data-duration=\"70000\" data-gap=\"10\" data-duplicated=\"true\" data-startVisible=\"true\" data-clone-element=\"5\"  >P\u00e9riph\u00e9riques pour le vide - <\/h2><\/div><style>.porto-u-bd11424de395366805213f3c847c9ae4.porto-u-heading{text-align:center}<\/style><\/div>\t\t\t\t<\/div>\n\t\t\t\t<\/div>\n\t\t\t\t<div class=\"elementor-element elementor-element-2335931 elementor-widget elementor-widget-porto_posts_grid\" data-id=\"2335931\" data-element_type=\"widget\" data-e-type=\"widget\" data-settings=\"{&quot;spacing&quot;:{&quot;unit&quot;:&quot;px&quot;,&quot;size&quot;:&quot;&quot;,&quot;sizes&quot;:[]}}\" data-widget_type=\"porto_posts_grid.default\">\n\t\t\t\t<div class=\"elementor-widget-container\">\n\t\t\t\t\t<div class=\"porto-posts-grid porto-posts-grid-d751713988987e9331980363e24189ce porto-ajax-load load-infinite porto-products6in7\" data-post_type=\"product\" data-ajax_load_options=\"{&quot;shortcode&quot;:&quot;porto_posts_grid&quot;,&quot;builder_id&quot;:&quot;2614&quot;,&quot;post_type&quot;:&quot;product&quot;,&quot;post_tax&quot;:&quot;product_cat&quot;,&quot;post_terms&quot;:[&quot;335&quot;],&quot;count&quot;:5,&quot;orderby&quot;:&quot;rand&quot;,&quot;spacing&quot;:{&quot;unit&quot;:&quot;px&quot;,&quot;size&quot;:&quot;&quot;,&quot;sizes&quot;:[]},&quot;columns&quot;:&quot;5&quot;,&quot;pagination_style&quot;:&quot;infinite&quot;}\"><style scope=\"scope\">.page-wrapper .porto-gb-3172d9f7080eaf7ce4ee603450eaff13{}.page-wrapper .porto-gb-7861e6ab33d5c5fe3c56204f3eb61a06{background-color:rgba(255,255,255,1);border-style:solid;border-width:1px 1px 1px 1px;border-color:rgba(231,231,231,1);border-radius:50% 50% 50% 50%;position:absolute;z-index:2;top:10px;right:10px;}.page-wrapper .porto-gb-7861e6ab33d5c5fe3c56204f3eb61a06:hover{background-color:rgba(33,37,41,1);color:#ffffff;border-color:rgba(33,37,41,1);}.porto-gb-7861e6ab33d5c5fe3c56204f3eb61a06{font-size:24px;text-align:center;}.page-wrapper .porto-gb-d7c2a5df0fe04b2950818e7d6ae6c786{background-color:rgba(255,255,255,1);border-style:solid;border-width:1px 1px 1px 1px;border-color:rgba(231,231,231,1);border-radius:50% 50% 50% 50%;position:absolute;z-index:2;top:60px;right:10px;width:40px;}.page-wrapper .porto-gb-d7c2a5df0fe04b2950818e7d6ae6c786:hover{background-color:rgba(33,37,41,1);color:#ffffff;border-color:rgba(33,37,41,1);}.porto-gb-d7c2a5df0fe04b2950818e7d6ae6c786{font-size:22px;line-height:38px;text-align:center;}.page-wrapper .porto-gb-5965d9c694e560fe54a24b46a03357be{background-color:rgba(33,37,41,1);position:absolute;z-index:2;right:0px;bottom:0px;left:0px;}.page-wrapper .porto-gb-5965d9c694e560fe54a24b46a03357be:hover{background-color:rgba(11,12,13,1);color:#ffffff;opacity:1;}.page-wrapper .porto-gb-5965d9c694e560fe54a24b46a03357be{font-size:13px;font-weight:500;text-transform:uppercase;line-height:26px;letter-spacing:-.05em;text-align:center;color:#ffffff}.page-wrapper .porto-gb-84f638dc4fa0a1e503997126ad3e73a1{padding-top:18px;padding-bottom:0px;}.page-wrapper .porto-gb-85b20b73f47011437e1a8c5431b4e102{}.page-wrapper .porto-gb-85b20b73f47011437e1a8c5431b4e102{font-size:.625rem;text-transform:uppercase;line-height:1.9;text-align:center;color:#999999}.porto-gb-85b20b73f47011437e1a8c5431b4e102 a:hover{color:var(--porto-primary-color)}.page-wrapper .porto-gb-609569037b9abfd6854d6b3c2b5e7311{margin-bottom:8px;}.porto-gb-609569037b9abfd6854d6b3c2b5e7311,.porto-gb-609569037b9abfd6854d6b3c2b5e7311 p{font-size:.9375rem;font-weight:500;line-height:1.35;letter-spacing:-.025em;text-align:center;}.porto-gb-609569037b9abfd6854d6b3c2b5e7311 a:hover,.porto-gb-609569037b9abfd6854d6b3c2b5e7311 p a:hover{color:var(--porto-primary-color)}.page-wrapper .porto-gb-e602a492448bd4b2b6fcfd17a5ae1ff1{margin-bottom:11px;}.porto-gb-e602a492448bd4b2b6fcfd17a5ae1ff1 .star-rating{font-size:12px;letter-spacing:0.5px;margin-left: auto; margin-right: auto;}.page-wrapper .porto-gb-8e3470c6224b098bb08318f8978e311d{margin-bottom:0px;width:100%;}.porto-gb-8e3470c6224b098bb08318f8978e311d .price{font-size:1.125rem;letter-spacing:-.05em;text-align:center;}.product-type-advanced .porto-tb-wishlist a { width: 38px; height: 38px; line-height: 38px; }\n.product-type-advanced .porto-tb-addcart i { font-size: 22px; }\n.product-type-advanced .cs-bottom { height: 40px; }\n.product-type-advanced .tb-hover-content { background: none; }\n.product-type-advanced .star-rating { width: 70px; }\n.product-type-advanced .price del { font-weight: 400; }\n\n@media(max-width: 575px) {\n .product-type-advanced .tb-hover-content {\n opacity: 1 !Important;\n }\n}\n\/* For preview add_to_cart button *\/\n[data-type=\"porto-tb\/porto-featured-image\"] [data-type=\"porto-tb\/porto-woo-buttons\"]:last-child>div {\nwidth: 100%;\n}<\/style><div class=\"posts-wrap products-container has-ccols ccols-xl-5 ccols-md-4 ccols-sm-3 ccols-1 has-ccols-spacing\" data-cur_page=\"1\" data-max_page=\"4\" style=\"\"><div class=\"porto-tb-item product product-col post-8082 type-product status-publish has-post-thumbnail product_cat-boutique-du-composite product_cat-peripherique-vide product_tag-composite product_tag-decoupe-2d product_tag-mise-sous-vide product_tag-polystyrene product_tag-preshape product_tag-sur-mesure product_tag-surf product_tag-technique-sandwich product_tag-usinage-polystyrene product_tag-windfoil product_tag-wingfoil first instock taxable shipping-taxable purchasable product-type-simple\"><div class=\"porto-section product-type-advanced p-0\">\n\n\n<div class=\"porto-section product-content m-0 porto-gb-84f638dc4fa0a1e503997126ad3e73a1\">\n\n\n<h3 class=\"porto-heading porto-gb-609569037b9abfd6854d6b3c2b5e7311 post-title\" style=\"\"><a aria-label=\"Post Title\" href=\"https:\/\/preshape.fr\/index.php\/product\/joint-etancheite\/\">Joint d'\u00e9tanch\u00e9it\u00e9 adh\u00e9sif<\/a><\/h3>\n\n\n\n\n<\/div>\n<\/div><\/div><div class=\"porto-tb-item product product-col post-8280 type-product status-publish has-post-thumbnail product_cat-boutique-du-composite product_cat-peripherique-vide product_tag-composite product_tag-decoupe-2d product_tag-mise-sous-vide product_tag-polystyrene product_tag-preshape product_tag-sur-mesure product_tag-surf product_tag-technique-sandwich product_tag-usinage-polystyrene product_tag-windfoil product_tag-wingfoil  instock taxable shipping-taxable purchasable product-type-variable\"><div class=\"porto-section product-type-advanced p-0\">\n\n\n<div class=\"porto-section product-content m-0 porto-gb-84f638dc4fa0a1e503997126ad3e73a1\">\n\n\n<h3 class=\"porto-heading porto-gb-609569037b9abfd6854d6b3c2b5e7311 post-title\" style=\"\"><a aria-label=\"Post Title\" href=\"https:\/\/preshape.fr\/index.php\/product\/jonction-droite\/\">Jonction droite<\/a><\/h3>\n\n\n\n\n<\/div>\n<\/div><\/div><div class=\"porto-tb-item product product-col post-7729 type-product status-publish has-post-thumbnail product_cat-boutique-du-composite product_cat-peripherique-vide product_tag-composite product_tag-decoupe-2d product_tag-mise-sous-vide product_tag-polystyrene product_tag-preshape product_tag-sur-mesure product_tag-surf product_tag-technique-sandwich product_tag-usinage-polystyrene product_tag-windfoil product_tag-wingfoil  instock taxable shipping-taxable purchasable product-type-variable\"><div class=\"porto-section product-type-advanced p-0\">\n\n\n<div class=\"porto-section product-content m-0 porto-gb-84f638dc4fa0a1e503997126ad3e73a1\">\n\n\n<h3 class=\"porto-heading porto-gb-609569037b9abfd6854d6b3c2b5e7311 post-title\" style=\"\"><a aria-label=\"Post Title\" href=\"https:\/\/preshape.fr\/index.php\/product\/tissu-arrachage\/\">Tissu d'arrachage<\/a><\/h3>\n\n\n\n\n<\/div>\n<\/div><\/div><div class=\"porto-tb-item product product-col post-8263 type-product status-publish has-post-thumbnail product_cat-boutique-du-composite product_cat-peripherique-vide product_tag-composite product_tag-decoupe-2d product_tag-mise-sous-vide product_tag-polystyrene product_tag-preshape product_tag-sur-mesure product_tag-surf product_tag-technique-sandwich product_tag-usinage-polystyrene product_tag-windfoil product_tag-wingfoil last instock taxable shipping-taxable purchasable product-type-variable\"><div class=\"porto-section product-type-advanced p-0\">\n\n\n<div class=\"porto-section product-content m-0 porto-gb-84f638dc4fa0a1e503997126ad3e73a1\">\n\n\n<h3 class=\"porto-heading porto-gb-609569037b9abfd6854d6b3c2b5e7311 post-title\" style=\"\"><a aria-label=\"Post Title\" href=\"https:\/\/preshape.fr\/index.php\/product\/valve-2\/\">Valve anti-retour<\/a><\/h3>\n\n\n\n\n<\/div>\n<\/div><\/div><div class=\"porto-tb-item product product-col post-8289 type-product status-publish has-post-thumbnail product_cat-boutique-du-composite product_cat-peripherique-vide product_tag-composite product_tag-decoupe-2d product_tag-mise-sous-vide product_tag-polystyrene product_tag-preshape product_tag-sur-mesure product_tag-surf product_tag-technique-sandwich product_tag-usinage-polystyrene product_tag-windfoil product_tag-wingfoil first instock taxable shipping-taxable purchasable product-type-variable\"><div class=\"porto-section product-type-advanced p-0\">\n\n\n<div class=\"porto-section product-content m-0 porto-gb-84f638dc4fa0a1e503997126ad3e73a1\">\n\n\n<h3 class=\"porto-heading porto-gb-609569037b9abfd6854d6b3c2b5e7311 post-title\" style=\"\"><a aria-label=\"Post Title\" href=\"https:\/\/preshape.fr\/index.php\/product\/raccordl\/\">Raccord en L<\/a><\/h3>\n\n\n\n\n<\/div>\n<\/div><\/div><\/div>\t\t<input type=\"hidden\" class=\"shortcode-id\" value=\"6in7\"\/>\r\n\t\t\t\t\t<div class=\"clearfix\"><\/div>\r\n\t\t\t<div class=\"pagination-wrap\">\r\n\t\t\t\t\t\t\t\t<div class=\"pagination\" role=\"navigation\">\r\n\t\t\t\t\t<span aria-label=\"Page 1\" aria-current=\"page\" class=\"page-numbers current\">1<\/span><a aria-label=\"Page 2\" class=\"page-numbers\" href=\"https:\/\/preshape.fr\/index.php\/wp-json\/wp\/v2\/pages\/8083\/page\/2\/\">2<\/a><span class=\"page-numbers dots\">\u2026<\/span><a aria-label=\"Page 4\" class=\"page-numbers\" href=\"https:\/\/preshape.fr\/index.php\/wp-json\/wp\/v2\/pages\/8083\/page\/4\/\">4<\/a><a class=\"next page-numbers\" href=\"https:\/\/preshape.fr\/index.php\/wp-json\/wp\/v2\/pages\/8083\/page\/2\/\">Next&nbsp;&nbsp;<i class=\"fas fa-long-arrow-alt-right\"><\/i><\/a>\t\t\t\t<\/div>\r\n\t\t\t<\/div>\r\n\t\t\t<\/div>\t\t\t\t<\/div>\n\t\t\t\t<\/div>\n\t\t\t\t<div class=\"elementor-element elementor-element-b919d38 elementor-widget elementor-widget-porto_button\" data-id=\"b919d38\" data-element_type=\"widget\" data-e-type=\"widget\" data-settings=\"{&quot;align&quot;:&quot;right&quot;}\" data-widget_type=\"porto_button.default\">\n\t\t\t\t<div class=\"elementor-widget-container\">\n\t\t\t\t\t<a class=\"btn btn-md btn-tertiary btn-modern btn-full-rounded btn-icon hover-icon-zoom\" href=\"https:\/\/preshape.fr\/index.php\/product-category\/boutique-du-composite\/peripherique-vide\/\"><i class=\"far fa-hand-point-right\"><\/i><span >Voir tous les produits \"P\u00e9riph\u00e9riques pour le vide\"<\/span><\/a>\t\t\t\t<\/div>\n\t\t\t\t<\/div>\n\t\t\t\t<div class=\"elementor-element elementor-element-91fd5be elementor-widget elementor-widget-porto_ultimate_heading\" data-id=\"91fd5be\" data-element_type=\"widget\" data-e-type=\"widget\" data-widget_type=\"porto_ultimate_heading.default\">\n\t\t\t\t<div class=\"elementor-widget-container\">\n\t\t\t\t\t<div class=\"porto-u-heading  porto-u-bd11424de395366805213f3c847c9ae4\"><div class=\"porto-u-main-heading\"><h2 class=\"marquee\" data-duration=\"70000\" data-gap=\"10\" data-duplicated=\"true\" data-startVisible=\"true\" data-clone-element=\"5\"  >Tissus & Fibres - <\/h2><\/div><style>.porto-u-bd11424de395366805213f3c847c9ae4.porto-u-heading{text-align:center}<\/style><\/div>\t\t\t\t<\/div>\n\t\t\t\t<\/div>\n\t\t\t\t<div class=\"elementor-element elementor-element-37f4d20 elementor-widget elementor-widget-porto_ultimate_heading\" data-id=\"37f4d20\" data-element_type=\"widget\" data-e-type=\"widget\" data-widget_type=\"porto_ultimate_heading.default\">\n\t\t\t\t<div class=\"elementor-widget-container\">\n\t\t\t\t\t<div class=\"porto-u-heading  porto-u-bd11424de395366805213f3c847c9ae4\"><div class=\"porto-u-main-heading\"><h2 class=\"marquee\" data-duration=\"70000\" data-gap=\"10\" data-duplicated=\"true\" data-startVisible=\"true\" data-clone-element=\"5\"  >Outillage : spatules - dosage - protection - <\/h2><\/div><style>.porto-u-bd11424de395366805213f3c847c9ae4.porto-u-heading{text-align:center}<\/style><\/div>\t\t\t\t<\/div>\n\t\t\t\t<\/div>\n\t\t\t\t<div class=\"elementor-element elementor-element-0b6676c elementor-widget elementor-widget-porto_posts_grid\" data-id=\"0b6676c\" data-element_type=\"widget\" data-e-type=\"widget\" data-settings=\"{&quot;spacing&quot;:{&quot;unit&quot;:&quot;px&quot;,&quot;size&quot;:&quot;&quot;,&quot;sizes&quot;:[]}}\" data-widget_type=\"porto_posts_grid.default\">\n\t\t\t\t<div class=\"elementor-widget-container\">\n\t\t\t\t\t<div class=\"porto-posts-grid porto-posts-grid-d751713988987e9331980363e24189ce porto-productsl4mf\"><style scope=\"scope\"><\/style><div class=\"posts-wrap products-container has-ccols ccols-xl-5 ccols-md-4 ccols-sm-3 ccols-1 has-ccols-spacing\" style=\"\"><div class=\"porto-tb-item product product-col post-8089 type-product status-publish has-post-thumbnail product_cat-boutique-du-composite product_cat-outillage product_tag-composite product_tag-decoupe-2d product_tag-mise-sous-vide product_tag-polystyrene product_tag-preshape product_tag-sur-mesure product_tag-surf product_tag-technique-sandwich product_tag-usinage-polystyrene product_tag-windfoil product_tag-wingfoil  instock taxable shipping-taxable purchasable product-type-simple\"><div class=\"porto-section product-type-advanced p-0\">\n\n\n<div class=\"porto-section product-content m-0 porto-gb-84f638dc4fa0a1e503997126ad3e73a1\">\n\n\n<h3 class=\"porto-heading porto-gb-609569037b9abfd6854d6b3c2b5e7311 post-title\" style=\"\"><a aria-label=\"Post Title\" href=\"https:\/\/preshape.fr\/index.php\/product\/spatule\/\">Spatule<\/a><\/h3>\n\n\n\n\n<\/div>\n<\/div><\/div><div class=\"porto-tb-item product product-col post-8357 type-product status-publish has-post-thumbnail product_cat-boutique-du-composite product_cat-outillage product_tag-composite product_tag-decoupe-2d product_tag-mise-sous-vide product_tag-polystyrene product_tag-preshape product_tag-sur-mesure product_tag-surf product_tag-technique-sandwich product_tag-usinage-polystyrene product_tag-windfoil product_tag-wingfoil  instock taxable shipping-taxable purchasable product-type-variable\"><div class=\"porto-section product-type-advanced p-0\">\n\n\n<div class=\"porto-section product-content m-0 porto-gb-84f638dc4fa0a1e503997126ad3e73a1\">\n\n\n<h3 class=\"porto-heading porto-gb-609569037b9abfd6854d6b3c2b5e7311 post-title\" style=\"\"><a aria-label=\"Post Title\" href=\"https:\/\/preshape.fr\/index.php\/product\/boitier-carbone\/\">Boitier Carbone<\/a><\/h3>\n\n\n\n\n<\/div>\n<\/div><\/div><\/div><\/div>\t\t\t\t<\/div>\n\t\t\t\t<\/div>\n\t\t\t\t\t<\/div>\r\n\t\t\t\t<\/div>\r\n\t\t\t\t\t<\/div>\r\n\t\t\t\t<\/section>\r\n\t\t\t\t<\/div>\n\t\t","protected":false},"excerpt":{"rendered":"<p>Mat\u00e9riel Tout le mat\u00e9riel dont tu auras besoin pour fabriquer toi-m\u00eame ta planche. P\u00e9riph\u00e9riques pour le vide &#8211; Select optionsThis product has multiple variants. The options may be chosen on the product page Boutique Mat\u00e9riel composite, P\u00e9riph\u00e9riques pour le vide Raccord en T &euro;0.55 &ndash; &euro;60.00 TTC Select optionsThis product has multiple variants. The options [&hellip;]<\/p>\n","protected":false},"author":3,"featured_media":0,"parent":0,"menu_order":0,"comment_status":"closed","ping_status":"closed","template":"","meta":{"footnotes":""},"class_list":["post-8083","page","type-page","status-publish","hentry"],"jetpack_sharing_enabled":true,"_links":{"self":[{"href":"https:\/\/preshape.fr\/index.php\/wp-json\/wp\/v2\/pages\/8083","targetHints":{"allow":["GET"]}}],"collection":[{"href":"https:\/\/preshape.fr\/index.php\/wp-json\/wp\/v2\/pages"}],"about":[{"href":"https:\/\/preshape.fr\/index.php\/wp-json\/wp\/v2\/types\/page"}],"author":[{"embeddable":true,"href":"https:\/\/preshape.fr\/index.php\/wp-json\/wp\/v2\/users\/3"}],"replies":[{"embeddable":true,"href":"https:\/\/preshape.fr\/index.php\/wp-json\/wp\/v2\/comments?post=8083"}],"version-history":[{"count":56,"href":"https:\/\/preshape.fr\/index.php\/wp-json\/wp\/v2\/pages\/8083\/revisions"}],"predecessor-version":[{"id":8316,"href":"https:\/\/preshape.fr\/index.php\/wp-json\/wp\/v2\/pages\/8083\/revisions\/8316"}],"wp:attachment":[{"href":"https:\/\/preshape.fr\/index.php\/wp-json\/wp\/v2\/media?parent=8083"}],"curies":[{"name":"wp","href":"https:\/\/api.w.org\/{rel}","templated":true}]}}